{"id":14071,"date":"2019-08-06T15:27:27","date_gmt":"2019-08-06T15:27:27","guid":{"rendered":"https:\/\/moirai.si\/?post_type=product&#038;p=14071"},"modified":"2025-12-17T09:09:51","modified_gmt":"2025-12-17T09:09:51","slug":"clasic-tigrovo-oko-2","status":"publish","type":"product","link":"https:\/\/moirai.si\/hr\/izdelek\/clasic-tigrovo-oko-2\/","title":{"rendered":"Clasic Tigrovo Oko"},"content":{"rendered":"<p>Nau\u0161nice Tigrovo oko i rodinirano srebro 925.<\/p>\n<p>MATERIJAL: Tigrovo oko, srebro 925 s rodijem<br \/>\nVELI\u010cINA KAMENA: 18 mm<br \/>\nTE\u017dA: 5,6 g<br \/>\nDU\u017dINA: 4,2 cm<\/p>","protected":false},"excerpt":{"rendered":"<p>Elegantni uhani kolekcije Clasic, ki so narejeni iz Tigrovega O\u010desa in rodiniranega srebra 925. MATERIAL: Tigrovo Oko, rodinirano srebro 925 VELIKOST KAMNOV: 18 mm TE\u017dA: 5,6 g DOL\u017dINA: 4.2 cm<\/p>","protected":false},"featured_media":26977,"template":"","meta":[],"product_brand":[],"product_cat":[208,1138,81,27,1141],"product_tag":[637,199],"class_list":{"0":"post-14071","1":"product","2":"type-product","3":"status-publish","4":"has-post-thumbnail","6":"product_cat-clasic","7":"product_cat-ogled-vseh-uhani","8":"product_cat-tigrovo-oko","9":"product_cat-uhani","10":"product_cat-uhani-clasic","11":"product_tag-rodinirano-srebro-925","12":"product_tag-tigrovo-oko","14":"first","15":"instock","16":"purchasable","17":"product-type-simple"},"_links":{"self":[{"href":"https:\/\/moirai.si\/hr\/wp-json\/wp\/v2\/product\/14071","targetHints":{"allow":["GET"]}}],"collection":[{"href":"https:\/\/moirai.si\/hr\/wp-json\/wp\/v2\/product"}],"about":[{"href":"https:\/\/moirai.si\/hr\/wp-json\/wp\/v2\/types\/product"}],"wp:featuredmedia":[{"embeddable":true,"href":"https:\/\/moirai.si\/hr\/wp-json\/wp\/v2\/media\/26977"}],"wp:attachment":[{"href":"https:\/\/moirai.si\/hr\/wp-json\/wp\/v2\/media?parent=14071"}],"wp:term":[{"taxonomy":"product_brand","embeddable":true,"href":"https:\/\/moirai.si\/hr\/wp-json\/wp\/v2\/product_brand?post=14071"},{"taxonomy":"product_cat","embeddable":true,"href":"https:\/\/moirai.si\/hr\/wp-json\/wp\/v2\/product_cat?post=14071"},{"taxonomy":"product_tag","embeddable":true,"href":"https:\/\/moirai.si\/hr\/wp-json\/wp\/v2\/product_tag?post=14071"}],"curies":[{"name":"wp","href":"https:\/\/api.w.org\/{rel}","templated":true}]}}