{"id":14083,"date":"2019-08-06T17:11:08","date_gmt":"2019-08-06T17:11:08","guid":{"rendered":"https:\/\/moirai.si\/?post_type=product&#038;p=14083"},"modified":"2025-01-12T20:09:49","modified_gmt":"2025-01-12T20:09:49","slug":"clasic-korala-16","status":"publish","type":"product","link":"https:\/\/moirai.si\/hr\/izdelek\/clasic-korala-16\/","title":{"rendered":"Clasic koralj"},"content":{"rendered":"<p>Elegantni uhani kolekcije Clasic, ki so narejeni iz Korale in srebra 925.<\/p>\n<p>Vi\u0161e informacija: <a href=\"https:\/\/moirai.si\/hr\/koraljni\/\" target=\"_blank\" rel=\"noopener noreferrer\">Koralj<\/a><\/p>\n<p>MATERIJAL: crveni koralj gljive, srebro 925<br \/>\nVELI\u010cINA KAMENA: 6-10 mm<br \/>\nTE\u017dINA: 3,2 g<br \/>\nDOL\u017dINA: 4 cm<\/p>","protected":false},"excerpt":{"rendered":"<p>Elegantni uhani kolekcije Clasic, ki so narejeni iz Korale in srebra 925. Ve\u010d informacij: Korala MATERIAL: rde\u010da Gobasta Korala, srebro 925 VELIKOST KAMNOV: 6-10 mm TE\u017dA: 3,2 g DOL\u017dINA: 4 cm<\/p>","protected":false},"featured_media":14084,"template":"","meta":[],"product_brand":[],"product_cat":[208,52,1138,27,1141],"product_tag":[398,371],"class_list":{"0":"post-14083","1":"product","2":"type-product","3":"status-publish","4":"has-post-thumbnail","6":"product_cat-clasic","7":"product_cat-gobasta-korala","8":"product_cat-ogled-vseh-uhani","9":"product_cat-uhani","10":"product_cat-uhani-clasic","11":"product_tag-rdeca-gobasta-korala","12":"product_tag-srebro-925","14":"first","15":"instock","16":"purchasable","17":"product-type-simple"},"_links":{"self":[{"href":"https:\/\/moirai.si\/hr\/wp-json\/wp\/v2\/product\/14083","targetHints":{"allow":["GET"]}}],"collection":[{"href":"https:\/\/moirai.si\/hr\/wp-json\/wp\/v2\/product"}],"about":[{"href":"https:\/\/moirai.si\/hr\/wp-json\/wp\/v2\/types\/product"}],"wp:featuredmedia":[{"embeddable":true,"href":"https:\/\/moirai.si\/hr\/wp-json\/wp\/v2\/media\/14084"}],"wp:attachment":[{"href":"https:\/\/moirai.si\/hr\/wp-json\/wp\/v2\/media?parent=14083"}],"wp:term":[{"taxonomy":"product_brand","embeddable":true,"href":"https:\/\/moirai.si\/hr\/wp-json\/wp\/v2\/product_brand?post=14083"},{"taxonomy":"product_cat","embeddable":true,"href":"https:\/\/moirai.si\/hr\/wp-json\/wp\/v2\/product_cat?post=14083"},{"taxonomy":"product_tag","embeddable":true,"href":"https:\/\/moirai.si\/hr\/wp-json\/wp\/v2\/product_tag?post=14083"}],"curies":[{"name":"wp","href":"https:\/\/api.w.org\/{rel}","templated":true}]}}