{"id":14089,"date":"2019-08-06T17:24:53","date_gmt":"2019-08-06T17:24:53","guid":{"rendered":"https:\/\/moirai.si\/?post_type=product&#038;p=14089"},"modified":"2025-12-16T15:57:16","modified_gmt":"2025-12-16T15:57:16","slug":"klasicni-koraljni-hematit-6","status":"publish","type":"product","link":"https:\/\/moirai.si\/hr\/izdelek\/clasic-korala-hematit-6\/","title":{"rendered":"Clasic Koralj Hematit"},"content":{"rendered":"<p>Elegantne nau\u0161nice iz kolekcije Clasic, koje su izra\u0111ene od koralja, hematita i 925 srebra.<\/p>\n<p>MATERIJAL: crveni gljivasti koralj, hematit, srebro 925<br \/>\nVELI\u010cINA KAMENA: 2-18 mm<br \/>\nTE\u017dINA: 14,4 g<br \/>\nDU\u017dINA: 4,8 cm<\/p>","protected":false},"excerpt":{"rendered":"<p>Elegantni uhani kolekcije Clasic, ki so narejeni iz Korale, Hematita in srebra 925. MATERIAL: rde\u010da Gobasta Korala, Hematit, srebro 925 VELIKOST KAMNOV: 2-18 mm TE\u017dA: 14,4 g DOL\u017dINA: 4.8 cm<\/p>","protected":false},"featured_media":26968,"template":"","meta":[],"product_brand":[],"product_cat":[208,52,42,1138,27,1141],"product_tag":[202,398,371],"class_list":{"0":"post-14089","1":"product","2":"type-product","3":"status-publish","4":"has-post-thumbnail","6":"product_cat-clasic","7":"product_cat-gobasta-korala","8":"product_cat-hematit","9":"product_cat-ogled-vseh-uhani","10":"product_cat-uhani","11":"product_cat-uhani-clasic","12":"product_tag-hematit","13":"product_tag-rdeca-gobasta-korala","14":"product_tag-srebro-925","16":"first","17":"instock","18":"purchasable","19":"product-type-simple"},"_links":{"self":[{"href":"https:\/\/moirai.si\/hr\/wp-json\/wp\/v2\/product\/14089","targetHints":{"allow":["GET"]}}],"collection":[{"href":"https:\/\/moirai.si\/hr\/wp-json\/wp\/v2\/product"}],"about":[{"href":"https:\/\/moirai.si\/hr\/wp-json\/wp\/v2\/types\/product"}],"wp:featuredmedia":[{"embeddable":true,"href":"https:\/\/moirai.si\/hr\/wp-json\/wp\/v2\/media\/26968"}],"wp:attachment":[{"href":"https:\/\/moirai.si\/hr\/wp-json\/wp\/v2\/media?parent=14089"}],"wp:term":[{"taxonomy":"product_brand","embeddable":true,"href":"https:\/\/moirai.si\/hr\/wp-json\/wp\/v2\/product_brand?post=14089"},{"taxonomy":"product_cat","embeddable":true,"href":"https:\/\/moirai.si\/hr\/wp-json\/wp\/v2\/product_cat?post=14089"},{"taxonomy":"product_tag","embeddable":true,"href":"https:\/\/moirai.si\/hr\/wp-json\/wp\/v2\/product_tag?post=14089"}],"curies":[{"name":"wp","href":"https:\/\/api.w.org\/{rel}","templated":true}]}}