{"id":14100,"date":"2019-08-07T11:40:53","date_gmt":"2019-08-07T11:40:53","guid":{"rendered":"https:\/\/moirai.si\/?post_type=product&#038;p=14100"},"modified":"2025-03-17T23:39:37","modified_gmt":"2025-03-17T23:39:37","slug":"clasic-rozevec-5","status":"publish","type":"product","link":"https:\/\/moirai.si\/hr\/izdelek\/clasic-rozevec-5\/","title":{"rendered":"Clasic Rozenkvarc"},"content":{"rendered":"<p>Elegantne nau\u0161nice iz kolekcije Classic izra\u0111ene od Rozenkvarca i rodiniranog srebra 925. Slika je simboli\u010dna. Mogu\u0107e su manje varijacije boji.<\/p>\n<p>MATERIAL: Rozenkvarc, rodinirano srebro 925<br \/>\nTE\u017dINA: 6 g<br \/>\nVELIKOST KAMNOV: 16 mm<br \/>\nDU\u017dINA NAU\u0160NICE: 4.2 cm<\/p>","protected":false},"excerpt":{"rendered":"<p>Elegantni uhani kolekcije Clasic, ki so narejeni iz Ro\u017eevca in rodiniranega srebra 925. MATERIAL: Ro\u017eevec, rodinirano srebro 925 TE\u017dA: 6 g VELIKOST KAMNOV: 16 mm DOL\u017dINA UHANA: 4.2 cm<\/p>","protected":false},"featured_media":24085,"template":"","meta":[],"product_brand":[],"product_cat":[208,1138,69,27,1141],"product_tag":[637,225],"class_list":{"0":"post-14100","1":"product","2":"type-product","3":"status-publish","4":"has-post-thumbnail","6":"product_cat-clasic","7":"product_cat-ogled-vseh-uhani","8":"product_cat-rozevec","9":"product_cat-uhani","10":"product_cat-uhani-clasic","11":"product_tag-rodinirano-srebro-925","12":"product_tag-rozevec","14":"first","15":"instock","16":"purchasable","17":"product-type-simple"},"_links":{"self":[{"href":"https:\/\/moirai.si\/hr\/wp-json\/wp\/v2\/product\/14100","targetHints":{"allow":["GET"]}}],"collection":[{"href":"https:\/\/moirai.si\/hr\/wp-json\/wp\/v2\/product"}],"about":[{"href":"https:\/\/moirai.si\/hr\/wp-json\/wp\/v2\/types\/product"}],"wp:featuredmedia":[{"embeddable":true,"href":"https:\/\/moirai.si\/hr\/wp-json\/wp\/v2\/media\/24085"}],"wp:attachment":[{"href":"https:\/\/moirai.si\/hr\/wp-json\/wp\/v2\/media?parent=14100"}],"wp:term":[{"taxonomy":"product_brand","embeddable":true,"href":"https:\/\/moirai.si\/hr\/wp-json\/wp\/v2\/product_brand?post=14100"},{"taxonomy":"product_cat","embeddable":true,"href":"https:\/\/moirai.si\/hr\/wp-json\/wp\/v2\/product_cat?post=14100"},{"taxonomy":"product_tag","embeddable":true,"href":"https:\/\/moirai.si\/hr\/wp-json\/wp\/v2\/product_tag?post=14100"}],"curies":[{"name":"wp","href":"https:\/\/api.w.org\/{rel}","templated":true}]}}