{"id":14128,"date":"2019-08-07T15:09:51","date_gmt":"2019-08-07T15:09:51","guid":{"rendered":"https:\/\/moirai.si\/?post_type=product&#038;p=14128"},"modified":"2025-12-17T08:58:52","modified_gmt":"2025-12-17T08:58:52","slug":"argo-hematit-2","status":"publish","type":"product","link":"https:\/\/moirai.si\/hr\/izdelek\/argo-hematit-2\/","title":{"rendered":"Argo Hematit"},"content":{"rendered":"<p>Elegantni uhani kolekcije Argo, ki so narejeni iz Hematita in rodiniranega srebra 925. <\/p>\n<p>Vi\u0161e informacija: <a href=\"https:\/\/moirai.si\/hr\/hematit\/\" target=\"_blank\" rel=\"noopener noreferrer\">Hematit<\/a><\/p>\n<p>MATERIJAL: Hematit, rodinirano srebro 925<br \/>\nTE\u017dINA: 13,6 g<br \/>\nVELIKOST KAMNOV: 8-10 mm<br \/>\nDOL\u017dINA: 4.3 cm<\/p>","protected":false},"excerpt":{"rendered":"<p>Elegantni uhani kolekcije Argo, ki so narejeni iz Hematita in rodiniranega srebra 925. Ve\u010d informacij: Hematit MATERIAL: Hematit, rodinirano Srebro 925 TE\u017dA: 13,6 g VELIKOST KAMNOV: 8-10 mm DOL\u017dINA: 4.3 cm<\/p>","protected":false},"featured_media":26973,"template":"","meta":[],"product_brand":[],"product_cat":[191,42,1138,27,1140],"product_tag":[202,637],"class_list":{"0":"post-14128","1":"product","2":"type-product","3":"status-publish","4":"has-post-thumbnail","6":"product_cat-argo","7":"product_cat-hematit","8":"product_cat-ogled-vseh-uhani","9":"product_cat-uhani","10":"product_cat-uhani-argo","11":"product_tag-hematit","12":"product_tag-rodinirano-srebro-925","14":"first","15":"instock","16":"purchasable","17":"product-type-simple"},"_links":{"self":[{"href":"https:\/\/moirai.si\/hr\/wp-json\/wp\/v2\/product\/14128","targetHints":{"allow":["GET"]}}],"collection":[{"href":"https:\/\/moirai.si\/hr\/wp-json\/wp\/v2\/product"}],"about":[{"href":"https:\/\/moirai.si\/hr\/wp-json\/wp\/v2\/types\/product"}],"wp:featuredmedia":[{"embeddable":true,"href":"https:\/\/moirai.si\/hr\/wp-json\/wp\/v2\/media\/26973"}],"wp:attachment":[{"href":"https:\/\/moirai.si\/hr\/wp-json\/wp\/v2\/media?parent=14128"}],"wp:term":[{"taxonomy":"product_brand","embeddable":true,"href":"https:\/\/moirai.si\/hr\/wp-json\/wp\/v2\/product_brand?post=14128"},{"taxonomy":"product_cat","embeddable":true,"href":"https:\/\/moirai.si\/hr\/wp-json\/wp\/v2\/product_cat?post=14128"},{"taxonomy":"product_tag","embeddable":true,"href":"https:\/\/moirai.si\/hr\/wp-json\/wp\/v2\/product_tag?post=14128"}],"curies":[{"name":"wp","href":"https:\/\/api.w.org\/{rel}","templated":true}]}}