{"id":14146,"date":"2019-08-08T10:58:41","date_gmt":"2019-08-08T10:58:41","guid":{"rendered":"https:\/\/moirai.si\/?post_type=product&#038;p=14146"},"modified":"2025-01-14T12:50:52","modified_gmt":"2025-01-14T12:50:52","slug":"argo-oniks-3","status":"publish","type":"product","link":"https:\/\/moirai.si\/hr\/izdelek\/argo-oniks-3\/","title":{"rendered":"Argo Oniks"},"content":{"rendered":"<p>Elegantne nau\u0161nice iz kolekcije Argo, izra\u0111ene od oniksa i 925 srebra. <\/p>\n<p>Vi\u0161e informacija: <a href=\"https:\/\/moirai.si\/hr\/oniks\/\" target=\"_blank\" rel=\"noopener noreferrer\">Oniks<\/a><\/p>\n<p>MATERIJAL: fasetirani oniks, srce srebro 925<br \/>\nTE\u017dINA: 2,7 g<br \/>\nVELI\u010cINA KAMENA: 8 mm<br \/>\nDU\u017dINA: 4,7 cm<\/p>","protected":false},"excerpt":{"rendered":"<p>Elegantni uhani kolekcije Argo, ki so narejeni iz Oniksa in srebra 925. Ve\u010d informacij: Oniks MATERIAL: fasetiran Oniks, srce Srebro 925 TE\u017dA: 2,7 g VELIKOST KAMNOV: 8 mm DOL\u017dINA: 4,7 cm<\/p>","protected":false},"featured_media":25926,"template":"","meta":[],"product_brand":[],"product_cat":[191,1138,62,27,1140],"product_tag":[293,582,371],"class_list":{"0":"post-14146","1":"product","2":"type-product","3":"status-publish","4":"has-post-thumbnail","6":"product_cat-argo","7":"product_cat-ogled-vseh-uhani","8":"product_cat-oniks","9":"product_cat-uhani","10":"product_cat-uhani-argo","11":"product_tag-fasetiran-oniks","12":"product_tag-srce","13":"product_tag-srebro-925","15":"first","16":"instock","17":"purchasable","18":"product-type-simple"},"_links":{"self":[{"href":"https:\/\/moirai.si\/hr\/wp-json\/wp\/v2\/product\/14146","targetHints":{"allow":["GET"]}}],"collection":[{"href":"https:\/\/moirai.si\/hr\/wp-json\/wp\/v2\/product"}],"about":[{"href":"https:\/\/moirai.si\/hr\/wp-json\/wp\/v2\/types\/product"}],"wp:featuredmedia":[{"embeddable":true,"href":"https:\/\/moirai.si\/hr\/wp-json\/wp\/v2\/media\/25926"}],"wp:attachment":[{"href":"https:\/\/moirai.si\/hr\/wp-json\/wp\/v2\/media?parent=14146"}],"wp:term":[{"taxonomy":"product_brand","embeddable":true,"href":"https:\/\/moirai.si\/hr\/wp-json\/wp\/v2\/product_brand?post=14146"},{"taxonomy":"product_cat","embeddable":true,"href":"https:\/\/moirai.si\/hr\/wp-json\/wp\/v2\/product_cat?post=14146"},{"taxonomy":"product_tag","embeddable":true,"href":"https:\/\/moirai.si\/hr\/wp-json\/wp\/v2\/product_tag?post=14146"}],"curies":[{"name":"wp","href":"https:\/\/api.w.org\/{rel}","templated":true}]}}