{"id":14179,"date":"2019-08-08T15:10:25","date_gmt":"2019-08-08T15:10:25","guid":{"rendered":"https:\/\/moirai.si\/?post_type=product&#038;p=14179"},"modified":"2025-01-14T13:52:21","modified_gmt":"2025-01-14T13:52:21","slug":"argo-oniks-5","status":"publish","type":"product","link":"https:\/\/moirai.si\/hr\/izdelek\/argo-oniks-5\/","title":{"rendered":"Argo Oniks"},"content":{"rendered":"<p>Prikupni uhani kolekcije Argo, ki so narejeni iz Oniksa in srebra 925.<\/p>\n<p>Vi\u0161e informacija: <a href=\"https:\/\/moirai.si\/hr\/oniks\/\" target=\"_blank\" rel=\"noopener noreferrer\">Oniks<\/a><\/p>\n<p>MATERIJAL: fasetirani oniks, srebro 925<br \/>\nVELI\u010cINA KAMENA: 8 mm<br \/>\nTE\u017dA: 2,5 g<br \/>\nDOL\u017dINA: 4,3 cm<\/p>","protected":false},"excerpt":{"rendered":"<p>Prikupni uhani kolekcije Argo, ki so narejeni iz Oniksa in srebra 925. Ve\u010d informacij: Oniks MATERIAL: fasetiran Oniks, srebro 925 VELIKOST KAMNOV: 8 mm TE\u017dA: 2,5 g DOL\u017dINA: 4,3 cm<\/p>","protected":false},"featured_media":25928,"template":"","meta":[],"product_brand":[],"product_cat":[191,1138,62,27,1140],"product_tag":[206,371],"class_list":{"0":"post-14179","1":"product","2":"type-product","3":"status-publish","4":"has-post-thumbnail","6":"product_cat-argo","7":"product_cat-ogled-vseh-uhani","8":"product_cat-oniks","9":"product_cat-uhani","10":"product_cat-uhani-argo","11":"product_tag-oniks","12":"product_tag-srebro-925","14":"first","15":"instock","16":"purchasable","17":"product-type-simple"},"_links":{"self":[{"href":"https:\/\/moirai.si\/hr\/wp-json\/wp\/v2\/product\/14179","targetHints":{"allow":["GET"]}}],"collection":[{"href":"https:\/\/moirai.si\/hr\/wp-json\/wp\/v2\/product"}],"about":[{"href":"https:\/\/moirai.si\/hr\/wp-json\/wp\/v2\/types\/product"}],"wp:featuredmedia":[{"embeddable":true,"href":"https:\/\/moirai.si\/hr\/wp-json\/wp\/v2\/media\/25928"}],"wp:attachment":[{"href":"https:\/\/moirai.si\/hr\/wp-json\/wp\/v2\/media?parent=14179"}],"wp:term":[{"taxonomy":"product_brand","embeddable":true,"href":"https:\/\/moirai.si\/hr\/wp-json\/wp\/v2\/product_brand?post=14179"},{"taxonomy":"product_cat","embeddable":true,"href":"https:\/\/moirai.si\/hr\/wp-json\/wp\/v2\/product_cat?post=14179"},{"taxonomy":"product_tag","embeddable":true,"href":"https:\/\/moirai.si\/hr\/wp-json\/wp\/v2\/product_tag?post=14179"}],"curies":[{"name":"wp","href":"https:\/\/api.w.org\/{rel}","templated":true}]}}