{"id":14330,"date":"2019-08-28T09:17:03","date_gmt":"2019-08-28T09:17:03","guid":{"rendered":"https:\/\/moirai.si\/?post_type=product&#038;p=14330"},"modified":"2025-05-23T19:37:45","modified_gmt":"2025-05-23T19:37:45","slug":"klasicna-kamena-munja-11","status":"publish","type":"product","link":"https:\/\/moirai.si\/hr\/izdelek\/clasic-kamena-strela-11\/","title":{"rendered":"Clasic Gorski kristal"},"content":{"rendered":"<p>Narukvica Gorski Kristal.<\/p>\n<p>Vi\u0161e informacija: <a href=\"https:\/\/moirai.si\/hr\/gorski-kristal\/\" target=\"_blank\" rel=\"noopener noreferrer\">Gorski Kristal<\/a><\/p>\n<p>MATERIJAL: fasetiran Gorski Kristal, srebro 925<br \/>\nDU\u017dINA: 17,5 cm<br \/>\nTE\u017dINA: 10,2 g<br \/>\nVELI\u010cINA KAMENA: 8 mm<br \/>\nKOP\u010cA: 9 mm<\/p>","protected":false},"excerpt":{"rendered":"<p>Elegantna zapestnica kolekcije Clasic, ki je narejena iz Kamene Strele. Ve\u010d informacij: Kamena Strela MATERIAL: fasetirana Kamena Strela, Srebro 925 DOL\u017dINA: 17,5 cm TE\u017dA: 10,2 g VELIKOST KAMNOV: 8 mm ZAPONKA: 9 mm<\/p>","protected":false},"featured_media":14331,"template":"","meta":[],"product_brand":[],"product_cat":[208,820,68,848,1137],"product_tag":[295,371],"class_list":{"0":"post-14330","1":"product","2":"type-product","3":"status-publish","4":"has-post-thumbnail","6":"product_cat-clasic","7":"product_cat-do-18cm","8":"product_cat-kamena-strela","9":"product_cat-kvarc","10":"product_cat-ogled-vseh-zapestnice-2","11":"product_tag-fasetirana-kamena-strela","12":"product_tag-srebro-925","14":"first","15":"instock","16":"purchasable","17":"product-type-simple"},"_links":{"self":[{"href":"https:\/\/moirai.si\/hr\/wp-json\/wp\/v2\/product\/14330","targetHints":{"allow":["GET"]}}],"collection":[{"href":"https:\/\/moirai.si\/hr\/wp-json\/wp\/v2\/product"}],"about":[{"href":"https:\/\/moirai.si\/hr\/wp-json\/wp\/v2\/types\/product"}],"wp:featuredmedia":[{"embeddable":true,"href":"https:\/\/moirai.si\/hr\/wp-json\/wp\/v2\/media\/14331"}],"wp:attachment":[{"href":"https:\/\/moirai.si\/hr\/wp-json\/wp\/v2\/media?parent=14330"}],"wp:term":[{"taxonomy":"product_brand","embeddable":true,"href":"https:\/\/moirai.si\/hr\/wp-json\/wp\/v2\/product_brand?post=14330"},{"taxonomy":"product_cat","embeddable":true,"href":"https:\/\/moirai.si\/hr\/wp-json\/wp\/v2\/product_cat?post=14330"},{"taxonomy":"product_tag","embeddable":true,"href":"https:\/\/moirai.si\/hr\/wp-json\/wp\/v2\/product_tag?post=14330"}],"curies":[{"name":"wp","href":"https:\/\/api.w.org\/{rel}","templated":true}]}}