{"id":14338,"date":"2019-08-28T09:35:16","date_gmt":"2019-08-28T09:35:16","guid":{"rendered":"https:\/\/moirai.si\/?post_type=product&#038;p=14338"},"modified":"2025-01-13T15:11:18","modified_gmt":"2025-01-13T15:11:18","slug":"clasic-obsidijan-snezni-2","status":"publish","type":"product","link":"https:\/\/moirai.si\/hr\/izdelek\/clasic-obsidijan-snezni-2\/","title":{"rendered":"Clasic Opsidijan Snje\u017eni"},"content":{"rendered":"<p>Elegantna zapestnica kolekcije Clasic, ki je narejena iz Sne\u017enega Obsidijana ter srebra 925.<\/p>\n<p>Vi\u0161e informacija: <a href=\"https:\/\/moirai.si\/hr\/opsidijan-2\/\" target=\"_blank\" rel=\"noopener noreferrer\">Opsidijan<\/a><\/p>\n<p>MATERIJAL: Snje\u017eni opsidijan, srebro 925<br \/>\nDU\u017dINA: 17 cm<br \/>\nTE\u017dINA: 7,7 g<br \/>\nVELI\u010cINA KAMENA: 6 mm<br \/>\nKOP\u010cA: 9 mm<\/p>","protected":false},"excerpt":{"rendered":"<p>Elegantna zapestnica kolekcije Clasic, ki je narejena iz Sne\u017enega Obsidijana ter srebra 925. Ve\u010d informacij: Obsidijan MATERIAL: Sne\u017eni Obsidijan, Srebro 925 DOL\u017dINA: 17 cm TE\u017dA: 7.7 g VELIKOST KAMNOV: 6 mm ZAPONKA: 9 mm<\/p>","protected":false},"featured_media":14339,"template":"","meta":[],"product_brand":[],"product_cat":[208,820,63,1137],"product_tag":[226,371],"class_list":{"0":"post-14338","1":"product","2":"type-product","3":"status-publish","4":"has-post-thumbnail","6":"product_cat-clasic","7":"product_cat-do-18cm","8":"product_cat-obsidijan","9":"product_cat-ogled-vseh-zapestnice-2","10":"product_tag-snezni-obsidijan","11":"product_tag-srebro-925","13":"first","14":"outofstock","15":"purchasable","16":"product-type-simple"},"_links":{"self":[{"href":"https:\/\/moirai.si\/hr\/wp-json\/wp\/v2\/product\/14338","targetHints":{"allow":["GET"]}}],"collection":[{"href":"https:\/\/moirai.si\/hr\/wp-json\/wp\/v2\/product"}],"about":[{"href":"https:\/\/moirai.si\/hr\/wp-json\/wp\/v2\/types\/product"}],"wp:featuredmedia":[{"embeddable":true,"href":"https:\/\/moirai.si\/hr\/wp-json\/wp\/v2\/media\/14339"}],"wp:attachment":[{"href":"https:\/\/moirai.si\/hr\/wp-json\/wp\/v2\/media?parent=14338"}],"wp:term":[{"taxonomy":"product_brand","embeddable":true,"href":"https:\/\/moirai.si\/hr\/wp-json\/wp\/v2\/product_brand?post=14338"},{"taxonomy":"product_cat","embeddable":true,"href":"https:\/\/moirai.si\/hr\/wp-json\/wp\/v2\/product_cat?post=14338"},{"taxonomy":"product_tag","embeddable":true,"href":"https:\/\/moirai.si\/hr\/wp-json\/wp\/v2\/product_tag?post=14338"}],"curies":[{"name":"wp","href":"https:\/\/api.w.org\/{rel}","templated":true}]}}