{"id":14340,"date":"2019-08-28T09:38:10","date_gmt":"2019-08-28T09:38:10","guid":{"rendered":"https:\/\/moirai.si\/?post_type=product&#038;p=14340"},"modified":"2025-01-13T15:11:10","modified_gmt":"2025-01-13T15:11:10","slug":"klasicni-opsidijanski-snijeg","status":"publish","type":"product","link":"https:\/\/moirai.si\/hr\/izdelek\/clasic-obsidijan-snezni\/","title":{"rendered":"Clasic Opsidijan Snje\u017eni"},"content":{"rendered":"<p>Narukvica Snje\u017eni Opsidijan i srebro 925. <\/p>\n<p>Vi\u0161e informacija: <a href=\"https:\/\/moirai.si\/hr\/opsidijan-2\/\" target=\"_blank\" rel=\"noopener noreferrer\">Opsidijan<\/a><\/p>\n<p>MATERIJAL: Snje\u017eni opsidijan, srebro 925<br \/>\nDU\u017dINA: podesiva 18-20,5 cm<br \/>\nTE\u017dINA: 15,1 g<br \/>\nVELI\u010cINA KAMENA: 6-8 mm<br \/>\nKOP\u010cA: 9 mm<\/p>","protected":false},"excerpt":{"rendered":"<p>Elegantna zapestnica kolekcije Clasic, ki je narejena iz Sne\u017enega Obsidijana ter srebrnih 925 elementov, nizana na mehko, vendar mo\u010dno jekleno \u017eico in zaklju\u010dena s srebrnimi elementi. Ve\u010d informacij: Obsidijan MATERIAL: Sne\u017eni Obsidijan, Srebro 925 DOL\u017dINA: prilagodljiva 18-20,5 cm TE\u017dA: 15.1 g VELIKOST KAMNOV: 6-8 mm ZAPONKA: 9 mm<\/p>","protected":false},"featured_media":21483,"template":"","meta":[],"product_brand":[],"product_cat":[208,820,63,821,822,823,1137],"product_tag":[226,371],"class_list":{"0":"post-14340","1":"product","2":"type-product","3":"status-publish","4":"has-post-thumbnail","6":"product_cat-clasic","7":"product_cat-do-18cm","8":"product_cat-obsidijan","9":"product_cat-od-18-do-19cm","10":"product_cat-od-19-do-20cm","11":"product_cat-od-20cm","12":"product_cat-ogled-vseh-zapestnice-2","13":"product_tag-snezni-obsidijan","14":"product_tag-srebro-925","16":"first","17":"instock","18":"purchasable","19":"product-type-simple"},"_links":{"self":[{"href":"https:\/\/moirai.si\/hr\/wp-json\/wp\/v2\/product\/14340","targetHints":{"allow":["GET"]}}],"collection":[{"href":"https:\/\/moirai.si\/hr\/wp-json\/wp\/v2\/product"}],"about":[{"href":"https:\/\/moirai.si\/hr\/wp-json\/wp\/v2\/types\/product"}],"wp:featuredmedia":[{"embeddable":true,"href":"https:\/\/moirai.si\/hr\/wp-json\/wp\/v2\/media\/21483"}],"wp:attachment":[{"href":"https:\/\/moirai.si\/hr\/wp-json\/wp\/v2\/media?parent=14340"}],"wp:term":[{"taxonomy":"product_brand","embeddable":true,"href":"https:\/\/moirai.si\/hr\/wp-json\/wp\/v2\/product_brand?post=14340"},{"taxonomy":"product_cat","embeddable":true,"href":"https:\/\/moirai.si\/hr\/wp-json\/wp\/v2\/product_cat?post=14340"},{"taxonomy":"product_tag","embeddable":true,"href":"https:\/\/moirai.si\/hr\/wp-json\/wp\/v2\/product_tag?post=14340"}],"curies":[{"name":"wp","href":"https:\/\/api.w.org\/{rel}","templated":true}]}}