{"id":14344,"date":"2019-08-28T10:19:40","date_gmt":"2019-08-28T10:19:40","guid":{"rendered":"https:\/\/moirai.si\/?post_type=product&#038;p=14344"},"modified":"2025-08-27T11:19:46","modified_gmt":"2025-08-27T11:19:46","slug":"klasicni-aventurin","status":"publish","type":"product","link":"https:\/\/moirai.si\/hr\/izdelek\/clasic-aventurin\/","title":{"rendered":"Clasic Aventurin"},"content":{"rendered":"<p>Narukvica Aventurin i rodinirano srebro 925. <\/p>\n<p>Vi\u0161e informacija: <a href=\"https:\/\/moirai.si\/hr\/aventurin\/\" target=\"_blank\" rel=\"noopener noreferrer\">Aventurin<\/a><\/p>\n<p>MATERIJAL: Aventurin, rodiran, srebro 925<br \/>\nDU\u017dINA: podesiva 17,5-20 cm<br \/>\nTE\u017dINA: 15,4 g<br \/>\nVELI\u010cINA KAMENA: 6-8 mm<br \/>\nKOP\u010cA: 9 mm<\/p>","protected":false},"excerpt":{"rendered":"<p>Elegantna zapestnica kolekcije Clasic, ki je narejena iz Aventurina. Zapestnica je nizana na mehko, vendar mo\u010dno jekleno \u017eico in zaklju\u010dena z rodiniranimi srebrnimi elementi. Ve\u010d informacij: Aventurin MATERIAL: Aventurin, rodinirano Srebro 925 DOL\u017dINA: prilagodljiva 17,5-20 cm TE\u017dA: 15,4 g VELIKOST KAMNOV: 6-8 mm ZAPONKA: 9 mm<\/p>","protected":false},"featured_media":23670,"template":"","meta":[],"product_brand":[],"product_cat":[31,208,820,821,822,823,1137],"product_tag":[200,637],"class_list":{"0":"post-14344","1":"product","2":"type-product","3":"status-publish","4":"has-post-thumbnail","6":"product_cat-aventurin","7":"product_cat-clasic","8":"product_cat-do-18cm","9":"product_cat-od-18-do-19cm","10":"product_cat-od-19-do-20cm","11":"product_cat-od-20cm","12":"product_cat-ogled-vseh-zapestnice-2","13":"product_tag-aventurin","14":"product_tag-rodinirano-srebro-925","16":"first","17":"instock","18":"purchasable","19":"product-type-simple"},"_links":{"self":[{"href":"https:\/\/moirai.si\/hr\/wp-json\/wp\/v2\/product\/14344","targetHints":{"allow":["GET"]}}],"collection":[{"href":"https:\/\/moirai.si\/hr\/wp-json\/wp\/v2\/product"}],"about":[{"href":"https:\/\/moirai.si\/hr\/wp-json\/wp\/v2\/types\/product"}],"wp:featuredmedia":[{"embeddable":true,"href":"https:\/\/moirai.si\/hr\/wp-json\/wp\/v2\/media\/23670"}],"wp:attachment":[{"href":"https:\/\/moirai.si\/hr\/wp-json\/wp\/v2\/media?parent=14344"}],"wp:term":[{"taxonomy":"product_brand","embeddable":true,"href":"https:\/\/moirai.si\/hr\/wp-json\/wp\/v2\/product_brand?post=14344"},{"taxonomy":"product_cat","embeddable":true,"href":"https:\/\/moirai.si\/hr\/wp-json\/wp\/v2\/product_cat?post=14344"},{"taxonomy":"product_tag","embeddable":true,"href":"https:\/\/moirai.si\/hr\/wp-json\/wp\/v2\/product_tag?post=14344"}],"curies":[{"name":"wp","href":"https:\/\/api.w.org\/{rel}","templated":true}]}}