{"id":14363,"date":"2019-08-28T11:13:48","date_gmt":"2019-08-28T11:13:48","guid":{"rendered":"https:\/\/moirai.si\/?post_type=product&#038;p=14363"},"modified":"2025-10-05T15:08:17","modified_gmt":"2025-10-05T15:08:17","slug":"klasicna-4-mjeseca","status":"publish","type":"product","link":"https:\/\/moirai.si\/hr\/izdelek\/clasic-mesecev-4\/","title":{"rendered":"Clasic Mjese\u010dev kamen"},"content":{"rendered":"<p>Elegantna narukvica iz kolekcije Classic, izra\u0111ena od mjese\u010devog kamena i rodiranih elemenata srebra 925, nanizana na meku, ali \u010dvrstu \u010deli\u010dnu \u017eicu i zavr\u0161ena srebrnim elementima. Slika je simboli\u010dna. Mogu\u0107a su manja odstupanja u boji i te\u017eini.<\/p>\n<p>Vi\u0161e informacija: <a href=\"https:\/\/moirai.si\/hr\/mjeseca-kamena\/\" target=\"_blank\" rel=\"noopener noreferrer\">Mjese\u010dev kamen<\/a><\/p>\n<p>MATERIJAL: Mjese\u010dev kamen, srebro 925 s rodijem<br \/>\nDU\u017dINA: podesiva 17-19,5 cm<br \/>\nTE\u017dINA: 14,1 g<br \/>\nVELI\u010cINA KAMENA: 6-8 mm<br \/>\nKOP\u010cA: 9 mm<\/p>","protected":false},"excerpt":{"rendered":"<p>Elegantna zapestnica kolekcije Clasic, ki je narejena iz Mese\u010devega Kamna ter rodiniranih srebrnih 925 elementov, nizana na mehko, vendar mo\u010dno jekleno \u017eico in zaklju\u010dena s srebrnimi elementi. Slika je simboli\u010dna. Mo\u017ena so manj\u0161a odstopanja v barvi in te\u017ei. Ve\u010d informacij: Mese\u010dev Kamen MATERIAL: Mese\u010dev Kamen, rodinirano srebro 925 DOL\u017dINA: prilagodljiva 17-19,5 cm TE\u017dA: 14.1 g [&hellip;]<\/p>\n","protected":false},"featured_media":21484,"template":"","meta":[],"product_brand":[],"product_cat":[208,820,54,59,821,822,823,1137],"product_tag":[366,637],"class_list":{"0":"post-14363","1":"product","2":"type-product","3":"status-publish","4":"has-post-thumbnail","6":"product_cat-clasic","7":"product_cat-do-18cm","8":"product_cat-labradorit","9":"product_cat-mesecev-kamen","10":"product_cat-od-18-do-19cm","11":"product_cat-od-19-do-20cm","12":"product_cat-od-20cm","13":"product_cat-ogled-vseh-zapestnice-2","14":"product_tag-mesecev-kamen","15":"product_tag-rodinirano-srebro-925","17":"first","18":"instock","19":"purchasable","20":"product-type-simple"},"_links":{"self":[{"href":"https:\/\/moirai.si\/hr\/wp-json\/wp\/v2\/product\/14363","targetHints":{"allow":["GET"]}}],"collection":[{"href":"https:\/\/moirai.si\/hr\/wp-json\/wp\/v2\/product"}],"about":[{"href":"https:\/\/moirai.si\/hr\/wp-json\/wp\/v2\/types\/product"}],"wp:featuredmedia":[{"embeddable":true,"href":"https:\/\/moirai.si\/hr\/wp-json\/wp\/v2\/media\/21484"}],"wp:attachment":[{"href":"https:\/\/moirai.si\/hr\/wp-json\/wp\/v2\/media?parent=14363"}],"wp:term":[{"taxonomy":"product_brand","embeddable":true,"href":"https:\/\/moirai.si\/hr\/wp-json\/wp\/v2\/product_brand?post=14363"},{"taxonomy":"product_cat","embeddable":true,"href":"https:\/\/moirai.si\/hr\/wp-json\/wp\/v2\/product_cat?post=14363"},{"taxonomy":"product_tag","embeddable":true,"href":"https:\/\/moirai.si\/hr\/wp-json\/wp\/v2\/product_tag?post=14363"}],"curies":[{"name":"wp","href":"https:\/\/api.w.org\/{rel}","templated":true}]}}