{"id":14375,"date":"2019-08-28T15:17:09","date_gmt":"2019-08-28T15:17:09","guid":{"rendered":"https:\/\/moirai.si\/?post_type=product&#038;p=14375"},"modified":"2026-03-28T11:08:32","modified_gmt":"2026-03-28T11:08:32","slug":"klasicni-angelit","status":"publish","type":"product","link":"https:\/\/moirai.si\/hr\/izdelek\/clasic-angelit\/","title":{"rendered":"Clasic Angelit"},"content":{"rendered":"<p>Elegantna narukvica iz kolekcije Clasic, izra\u0111ena od angelita i 925 srebra. Slika je simboli\u010dna. Mogu\u0107e su manje varijacije u boji. <\/p>\n<p>Vi\u0161e informacija: <a href=\"https:\/\/moirai.si\/hr\/angelit\/\" target=\"_blank\" rel=\"noopener noreferrer\">Angelit<\/a><\/p>\n<p>MATERIJAL: angelit, srebro 925<br \/>\nDU\u017dINA: podesiva 17-19,5 cm<br \/>\nTE\u017dINA: 8,7 g<br \/>\nVELI\u010cINA KAMENI\u0106A: 5,5 mm<br \/>\nKOP\u010cA: 9 mm<\/p>","protected":false},"excerpt":{"rendered":"<p>Elegantna zapestnica kolekcije Clasic, ki je narejena iz Angelita ter srebra 925. Slika je simboli\u010dna. Mo\u017ena so manj\u0161a odstopanja v barvi. Ve\u010d informacij: Angelit MATERIAL: Angelit, Srebro 925 DOL\u017dINA: prilagodljiva 17-19,5 cm TE\u017dA: 8.7 g VELIKOST KAMNOV: 5,5 mm ZAPONKA: 9 mm<\/p>","protected":false},"featured_media":21488,"template":"","meta":[],"product_brand":[],"product_cat":[846,208,820,821,822,1137],"product_tag":[826,371],"class_list":{"0":"post-14375","1":"product","2":"type-product","3":"status-publish","4":"has-post-thumbnail","6":"product_cat-angelit","7":"product_cat-clasic","8":"product_cat-do-18cm","9":"product_cat-od-18-do-19cm","10":"product_cat-od-19-do-20cm","11":"product_cat-ogled-vseh-zapestnice-2","12":"product_tag-angelit","13":"product_tag-srebro-925","15":"first","16":"outofstock","17":"purchasable","18":"product-type-simple"},"_links":{"self":[{"href":"https:\/\/moirai.si\/hr\/wp-json\/wp\/v2\/product\/14375","targetHints":{"allow":["GET"]}}],"collection":[{"href":"https:\/\/moirai.si\/hr\/wp-json\/wp\/v2\/product"}],"about":[{"href":"https:\/\/moirai.si\/hr\/wp-json\/wp\/v2\/types\/product"}],"wp:featuredmedia":[{"embeddable":true,"href":"https:\/\/moirai.si\/hr\/wp-json\/wp\/v2\/media\/21488"}],"wp:attachment":[{"href":"https:\/\/moirai.si\/hr\/wp-json\/wp\/v2\/media?parent=14375"}],"wp:term":[{"taxonomy":"product_brand","embeddable":true,"href":"https:\/\/moirai.si\/hr\/wp-json\/wp\/v2\/product_brand?post=14375"},{"taxonomy":"product_cat","embeddable":true,"href":"https:\/\/moirai.si\/hr\/wp-json\/wp\/v2\/product_cat?post=14375"},{"taxonomy":"product_tag","embeddable":true,"href":"https:\/\/moirai.si\/hr\/wp-json\/wp\/v2\/product_tag?post=14375"}],"curies":[{"name":"wp","href":"https:\/\/api.w.org\/{rel}","templated":true}]}}