{"id":14383,"date":"2019-08-28T15:53:11","date_gmt":"2019-08-28T15:53:11","guid":{"rendered":"https:\/\/moirai.si\/?post_type=product&#038;p=14383"},"modified":"2025-01-13T15:10:03","modified_gmt":"2025-01-13T15:10:03","slug":"klasicna-mjesavina-16","status":"publish","type":"product","link":"https:\/\/moirai.si\/hr\/izdelek\/clasic-mix-16\/","title":{"rendered":"Clasic Mix"},"content":{"rendered":"<p>Elegantna narukvica iz kolekcije Classic, izra\u0111ena od oniksa, hematita, kamena munje i elemenata 925 srebra, nanizana na meku, ali \u010dvrstu \u010deli\u010dnu \u017eicu i zavr\u0161ena srebrnim elementima.  <\/p>\n<p>MATERIJAL: fasetirani kamen Munja, Oniks, Hematit, Srebro 925<br \/>\nDU\u017dINA: podesiva 17-19,5 cm<br \/>\nTE\u017dINA: 19,6 g<br \/>\nVELI\u010cINA KAMENA: 6-8 mm<br \/>\nKOP\u010cA: 9 mm<\/p>","protected":false},"excerpt":{"rendered":"<p>Elegantna zapestnica kolekcije Clasic, ki je narejena iz Oniksa, Hematita, Kamene Strele ter srebrnih 925 elementov, nizana na mehko, vendar mo\u010dno jekleno \u017eico in zaklju\u010dena s srebrnimi elementi. MATERIAL: fasetirana Kamena Strela, Oniks, Hematit, Srebro 925 DOL\u017dINA: prilagodljiva 17-19.5 cm TE\u017dA: 19.6 g VELIKOST KAMNOV: 6-8 mm ZAPONKA: 9 mm<\/p>","protected":false},"featured_media":20884,"template":"","meta":[],"product_brand":[],"product_cat":[208,820,42,68,848,821,822,823,1137,62],"product_tag":[295,202,206,371],"class_list":{"0":"post-14383","1":"product","2":"type-product","3":"status-publish","4":"has-post-thumbnail","6":"product_cat-clasic","7":"product_cat-do-18cm","8":"product_cat-hematit","9":"product_cat-kamena-strela","10":"product_cat-kvarc","11":"product_cat-od-18-do-19cm","12":"product_cat-od-19-do-20cm","13":"product_cat-od-20cm","14":"product_cat-ogled-vseh-zapestnice-2","15":"product_cat-oniks","16":"product_tag-fasetirana-kamena-strela","17":"product_tag-hematit","18":"product_tag-oniks","19":"product_tag-srebro-925","21":"first","22":"instock","23":"purchasable","24":"product-type-simple"},"_links":{"self":[{"href":"https:\/\/moirai.si\/hr\/wp-json\/wp\/v2\/product\/14383","targetHints":{"allow":["GET"]}}],"collection":[{"href":"https:\/\/moirai.si\/hr\/wp-json\/wp\/v2\/product"}],"about":[{"href":"https:\/\/moirai.si\/hr\/wp-json\/wp\/v2\/types\/product"}],"wp:featuredmedia":[{"embeddable":true,"href":"https:\/\/moirai.si\/hr\/wp-json\/wp\/v2\/media\/20884"}],"wp:attachment":[{"href":"https:\/\/moirai.si\/hr\/wp-json\/wp\/v2\/media?parent=14383"}],"wp:term":[{"taxonomy":"product_brand","embeddable":true,"href":"https:\/\/moirai.si\/hr\/wp-json\/wp\/v2\/product_brand?post=14383"},{"taxonomy":"product_cat","embeddable":true,"href":"https:\/\/moirai.si\/hr\/wp-json\/wp\/v2\/product_cat?post=14383"},{"taxonomy":"product_tag","embeddable":true,"href":"https:\/\/moirai.si\/hr\/wp-json\/wp\/v2\/product_tag?post=14383"}],"curies":[{"name":"wp","href":"https:\/\/api.w.org\/{rel}","templated":true}]}}