{"id":14395,"date":"2019-08-28T16:43:19","date_gmt":"2019-08-28T16:43:19","guid":{"rendered":"https:\/\/moirai.si\/?post_type=product&#038;p=14395"},"modified":"2025-01-13T15:09:39","modified_gmt":"2025-01-13T15:09:39","slug":"ella-mjesavina-4","status":"publish","type":"product","link":"https:\/\/moirai.si\/hr\/izdelek\/ella-mix-4\/","title":{"rendered":"Ella Mix"},"content":{"rendered":"<p>Elegantna narukvica iz Ella kolekcije koja je izra\u0111ena od ahata, hematita i gljivastog koralja. Narukvica je nanizana na mekanu, ali jaku \u010deli\u010dnu \u017eicu i zavr\u0161ena elementima od srebra 925. <\/p>\n<p>MATERIJAL: bijeli gljivasti koralj, hematit, fasetirani ahat, srebro 925<br \/>\nDU\u017dINA: podesiva 19,5-22 cm<br \/>\nTE\u017dINA: 28,3 g<br \/>\nVELI\u010cINA KAMENA: 6-12 mm<br \/>\nKop\u010da: 10 mm<\/p>","protected":false},"excerpt":{"rendered":"<p>Elegantna zapestnica kolekcije Ella, ki je narejena iz Ahata, Hematita in Gobaste Korale. Zapestnica je nizana na mehko, vendar mo\u010dno jekleno \u017eico in zaklju\u010dena s srebrnimi 925 elementi. MATERIAL: bela Gobasta Korala, Hematit, fasetiran Ahat, Srebro 925 DOL\u017dINA: prilagodljiva 19.5-22 cm TE\u017dA: 28.3 g VELIKOST KAMNOV: 6-12 mm ZAPONKA: 10 mm<\/p>","protected":false},"featured_media":24137,"template":"","meta":[],"product_brand":[],"product_cat":[30,289,52,42,823,1137],"product_tag":[854,319,202,371],"class_list":{"0":"post-14395","1":"product","2":"type-product","3":"status-publish","4":"has-post-thumbnail","6":"product_cat-ahat","7":"product_cat-ella","8":"product_cat-gobasta-korala","9":"product_cat-hematit","10":"product_cat-od-20cm","11":"product_cat-ogled-vseh-zapestnice-2","12":"product_tag-bela-gobasta-korala","13":"product_tag-fasetiran-ahat","14":"product_tag-hematit","15":"product_tag-srebro-925","17":"first","18":"instock","19":"purchasable","20":"product-type-simple"},"_links":{"self":[{"href":"https:\/\/moirai.si\/hr\/wp-json\/wp\/v2\/product\/14395","targetHints":{"allow":["GET"]}}],"collection":[{"href":"https:\/\/moirai.si\/hr\/wp-json\/wp\/v2\/product"}],"about":[{"href":"https:\/\/moirai.si\/hr\/wp-json\/wp\/v2\/types\/product"}],"wp:featuredmedia":[{"embeddable":true,"href":"https:\/\/moirai.si\/hr\/wp-json\/wp\/v2\/media\/24137"}],"wp:attachment":[{"href":"https:\/\/moirai.si\/hr\/wp-json\/wp\/v2\/media?parent=14395"}],"wp:term":[{"taxonomy":"product_brand","embeddable":true,"href":"https:\/\/moirai.si\/hr\/wp-json\/wp\/v2\/product_brand?post=14395"},{"taxonomy":"product_cat","embeddable":true,"href":"https:\/\/moirai.si\/hr\/wp-json\/wp\/v2\/product_cat?post=14395"},{"taxonomy":"product_tag","embeddable":true,"href":"https:\/\/moirai.si\/hr\/wp-json\/wp\/v2\/product_tag?post=14395"}],"curies":[{"name":"wp","href":"https:\/\/api.w.org\/{rel}","templated":true}]}}