{"id":14403,"date":"2019-08-28T17:04:20","date_gmt":"2019-08-28T17:04:20","guid":{"rendered":"https:\/\/moirai.si\/?post_type=product&#038;p=14403"},"modified":"2025-10-23T10:32:54","modified_gmt":"2025-10-23T10:32:54","slug":"ella-ametist","status":"publish","type":"product","link":"https:\/\/moirai.si\/hr\/izdelek\/ella-ametist\/","title":{"rendered":"Ella Ametist"},"content":{"rendered":"<p>Elegantna narukvica iz kolekcije Ella, izra\u0111ena od ametista i rodiranog srebra 925. Narukvica je nanizana na meku, ali \u010dvrstu \u010deli\u010dnu \u017eicu. <\/p>\n<p>Vi\u0161e informacija: <a href=\"https:\/\/moirai.si\/hr\/ametist\/\" target=\"_blank\" rel=\"noopener noreferrer\">Ametist<\/a><\/p>\n<p>MATERIJAL: Ametist Chevron, rodirano srebro 925<br \/>\nDU\u017dINA: podesiva 18-20,5 cm<br \/>\nTE\u017dINA: 21,1 g<br \/>\nVELI\u010cINA KAMENA: 6-10 mm<br \/>\nKOP\u010cA: 9 mm<\/p>","protected":false},"excerpt":{"rendered":"<p>Elegantna zapestnica kolekcije Ella, ki je narejena iz Ametista in rodiniranega srebra 925. Zapestnica je nizana na mehko, vendar mo\u010dno jekleno \u017eico. Ve\u010d informacij: Ametist MATERIAL: Ametist Chevron, rodinirano Srebro 925 DOL\u017dINA: prilagodljiva 18-20,5 cm TE\u017dA: 21.1 g VELIKOST KAMNOV: 6-10 mm ZAPONKA: 9 mm<\/p>","protected":false},"featured_media":24127,"template":"","meta":[],"product_brand":[],"product_cat":[33,820,289,848,821,822,823,1137],"product_tag":[195,637],"class_list":{"0":"post-14403","1":"product","2":"type-product","3":"status-publish","4":"has-post-thumbnail","6":"product_cat-ametist","7":"product_cat-do-18cm","8":"product_cat-ella","9":"product_cat-kvarc","10":"product_cat-od-18-do-19cm","11":"product_cat-od-19-do-20cm","12":"product_cat-od-20cm","13":"product_cat-ogled-vseh-zapestnice-2","14":"product_tag-ametist","15":"product_tag-rodinirano-srebro-925","17":"first","18":"instock","19":"purchasable","20":"product-type-simple"},"_links":{"self":[{"href":"https:\/\/moirai.si\/hr\/wp-json\/wp\/v2\/product\/14403","targetHints":{"allow":["GET"]}}],"collection":[{"href":"https:\/\/moirai.si\/hr\/wp-json\/wp\/v2\/product"}],"about":[{"href":"https:\/\/moirai.si\/hr\/wp-json\/wp\/v2\/types\/product"}],"wp:featuredmedia":[{"embeddable":true,"href":"https:\/\/moirai.si\/hr\/wp-json\/wp\/v2\/media\/24127"}],"wp:attachment":[{"href":"https:\/\/moirai.si\/hr\/wp-json\/wp\/v2\/media?parent=14403"}],"wp:term":[{"taxonomy":"product_brand","embeddable":true,"href":"https:\/\/moirai.si\/hr\/wp-json\/wp\/v2\/product_brand?post=14403"},{"taxonomy":"product_cat","embeddable":true,"href":"https:\/\/moirai.si\/hr\/wp-json\/wp\/v2\/product_cat?post=14403"},{"taxonomy":"product_tag","embeddable":true,"href":"https:\/\/moirai.si\/hr\/wp-json\/wp\/v2\/product_tag?post=14403"}],"curies":[{"name":"wp","href":"https:\/\/api.w.org\/{rel}","templated":true}]}}