{"id":14415,"date":"2019-08-29T06:52:43","date_gmt":"2019-08-29T06:52:43","guid":{"rendered":"https:\/\/moirai.si\/?post_type=product&#038;p=14415"},"modified":"2026-02-02T09:52:41","modified_gmt":"2026-02-02T09:52:41","slug":"visak-mjeseci","status":"publish","type":"product","link":"https:\/\/moirai.si\/hr\/izdelek\/nihalo-mesecev\/","title":{"rendered":"Visak Mjese\u010dev kamen"},"content":{"rendered":"<p>Visak Mjese\u010dev Kamen. Slika je simboli\u010dna. Mogu\u0107a su manja odstupanja u boji, te\u017eini i obliku.<\/p>\n<p>Vi\u0161e informacija: <a href=\"https:\/\/moirai.si\/hr\/njihalo\/\" target=\"_blank\" rel=\"noopener noreferrer\">Visak<\/a>, <a href=\"https:\/\/moirai.si\/hr\/mjeseca-kamena\/\" target=\"_blank\" rel=\"noopener noreferrer\">Mjese\u010dev kamen<\/a><\/p>\n<p>MATERIJAL: Mjese\u010dev kamen<br \/>\nTE\u017dINA: 5-15 g<br \/>\nVELI\u010cINA KAMENA: 3-5 cm<\/p>","protected":false},"excerpt":{"rendered":"<p>Nihalo iz Mese\u010devega Kamna na posrebreni veri\u017eici, zaklju\u010deno z bunkico iz kamna za preprosto uporabo. Slika je simboli\u010dna. Mo\u017ena so manj\u0161a odstopanja v barvi, te\u017ei in obliki. Ve\u010d informacij: Nihalo, Mese\u010dev Kamen MATERIAL: Mese\u010dev Kamen TE\u017dA: 5-15 g VELIKOST KAMNOV: 3-5 cm<\/p>","protected":false},"featured_media":25804,"template":"","meta":[],"product_brand":[],"product_cat":[59,754],"product_tag":[366,368],"class_list":{"0":"post-14415","1":"product","2":"type-product","3":"status-publish","4":"has-post-thumbnail","6":"product_cat-mesecev-kamen","7":"product_cat-nihala","8":"product_tag-mesecev-kamen","9":"product_tag-nihalo","11":"first","12":"instock","13":"purchasable","14":"product-type-simple"},"_links":{"self":[{"href":"https:\/\/moirai.si\/hr\/wp-json\/wp\/v2\/product\/14415","targetHints":{"allow":["GET"]}}],"collection":[{"href":"https:\/\/moirai.si\/hr\/wp-json\/wp\/v2\/product"}],"about":[{"href":"https:\/\/moirai.si\/hr\/wp-json\/wp\/v2\/types\/product"}],"wp:featuredmedia":[{"embeddable":true,"href":"https:\/\/moirai.si\/hr\/wp-json\/wp\/v2\/media\/25804"}],"wp:attachment":[{"href":"https:\/\/moirai.si\/hr\/wp-json\/wp\/v2\/media?parent=14415"}],"wp:term":[{"taxonomy":"product_brand","embeddable":true,"href":"https:\/\/moirai.si\/hr\/wp-json\/wp\/v2\/product_brand?post=14415"},{"taxonomy":"product_cat","embeddable":true,"href":"https:\/\/moirai.si\/hr\/wp-json\/wp\/v2\/product_cat?post=14415"},{"taxonomy":"product_tag","embeddable":true,"href":"https:\/\/moirai.si\/hr\/wp-json\/wp\/v2\/product_tag?post=14415"}],"curies":[{"name":"wp","href":"https:\/\/api.w.org\/{rel}","templated":true}]}}