{"id":14453,"date":"2019-08-29T10:24:55","date_gmt":"2019-08-29T10:24:55","guid":{"rendered":"https:\/\/moirai.si\/?post_type=product&#038;p=14453"},"modified":"2025-01-13T15:09:06","modified_gmt":"2025-01-13T15:09:06","slug":"le-petit-coral-bambus","status":"publish","type":"product","link":"https:\/\/moirai.si\/hr\/izdelek\/le-petit-korala-bambus\/","title":{"rendered":"Le Petit Korala Bambus"},"content":{"rendered":"<p>Nje\u017ena narukvica iz Le Petit kolekcije koja je izra\u0111ena od crvenog bambus koralja i 925 srebra.  <\/p>\n<p>Vi\u0161e informacija: <a href=\"https:\/\/moirai.si\/hr\/koraljni\/\" target=\"_blank\" rel=\"noopener noreferrer\">Koralj<\/a><\/p>\n<p>MATERIJAL: fasetirani crveni bambus koralj, srebro 925<br \/>\nDU\u017dINA: 17,5-22,5 cm<br \/>\nTE\u017dINA: 3,1 g<br \/>\nVELI\u010cINA KAMENA: 4-6 mm<br \/>\nKOP\u010cA: 9 mm<\/p>","protected":false},"excerpt":{"rendered":"<p>Ne\u017ena zapestnica kolekcije Le Petit, ki je narejena iz Rde\u010de Bambus Korale in srebra 925. Ve\u010d informacij: Korala MATERIAL: fasetirana Rde\u010da Bambus Korala, Srebro 925 DOL\u017dINA: 17,5-22,5 cm TE\u017dA: 3,1 g VELIKOST KAMNOV: 4-6 mm ZAPONKA: 9 mm<\/p>","protected":false},"featured_media":14454,"template":"","meta":[],"product_brand":[],"product_cat":[53,820,211,821,822,823,1137],"product_tag":[783,371],"class_list":{"0":"post-14453","1":"product","2":"type-product","3":"status-publish","4":"has-post-thumbnail","6":"product_cat-bambus-korala","7":"product_cat-do-18cm","8":"product_cat-le-petit","9":"product_cat-od-18-do-19cm","10":"product_cat-od-19-do-20cm","11":"product_cat-od-20cm","12":"product_cat-ogled-vseh-zapestnice-2","13":"product_tag-fasetirana-rdeca-bambus-korala","14":"product_tag-srebro-925","16":"first","17":"instock","18":"purchasable","19":"product-type-simple"},"_links":{"self":[{"href":"https:\/\/moirai.si\/hr\/wp-json\/wp\/v2\/product\/14453","targetHints":{"allow":["GET"]}}],"collection":[{"href":"https:\/\/moirai.si\/hr\/wp-json\/wp\/v2\/product"}],"about":[{"href":"https:\/\/moirai.si\/hr\/wp-json\/wp\/v2\/types\/product"}],"wp:featuredmedia":[{"embeddable":true,"href":"https:\/\/moirai.si\/hr\/wp-json\/wp\/v2\/media\/14454"}],"wp:attachment":[{"href":"https:\/\/moirai.si\/hr\/wp-json\/wp\/v2\/media?parent=14453"}],"wp:term":[{"taxonomy":"product_brand","embeddable":true,"href":"https:\/\/moirai.si\/hr\/wp-json\/wp\/v2\/product_brand?post=14453"},{"taxonomy":"product_cat","embeddable":true,"href":"https:\/\/moirai.si\/hr\/wp-json\/wp\/v2\/product_cat?post=14453"},{"taxonomy":"product_tag","embeddable":true,"href":"https:\/\/moirai.si\/hr\/wp-json\/wp\/v2\/product_tag?post=14453"}],"curies":[{"name":"wp","href":"https:\/\/api.w.org\/{rel}","templated":true}]}}