{"id":14477,"date":"2019-08-30T10:22:10","date_gmt":"2019-08-30T10:22:10","guid":{"rendered":"https:\/\/moirai.si\/?post_type=product&#038;p=14477"},"modified":"2026-03-26T12:48:25","modified_gmt":"2026-03-26T12:48:25","slug":"smaragd-s","status":"publish","type":"product","link":"https:\/\/moirai.si\/hr\/izdelek\/smaragd-s\/","title":{"rendered":"Smaragd S"},"content":{"rendered":"<p>Prekrasan komad poliranog smaragda, pogodan kao ljekoviti kamen za ruke ili kao poklon za va\u0161e voljene. Slika je simboli\u010dna. Mogu\u0107a su manja odstupanja u boji, te\u017eini i obliku.<\/p>\n<p>Vi\u0161e informacija: <a href=\"https:\/\/moirai.si\/hr\/smaragd\/\" target=\"_blank\" rel=\"noopener noreferrer\">Smaragd<\/a><\/p>\n<p>MATERIJAL: Smaragd (Brazil)<br \/>\nDIMENZIJE: 1-2 cm<br \/>\nTE\u017dINA: 5-25 g<\/p>","protected":false},"excerpt":{"rendered":"<p>\u010cudovit kos spoliranega Smaragda, primeren kot zdravilni ro\u010dni kamen ali kot darilo za va\u0161e najbli\u017enje. Slika je simboli\u010dna. Mo\u017ena so manj\u0161a odstopanja v barvi, te\u017ei in obliki. Ve\u010d informacij: Smaragd MATERIAL: Smaragd (Brazilija) DIMENZIJE: 1-2 cm TE\u017dA: 5-25 g<\/p>","protected":false},"featured_media":19960,"template":"","meta":[],"product_brand":[],"product_cat":[753,78],"product_tag":[232],"class_list":{"0":"post-14477","1":"product","2":"type-product","3":"status-publish","4":"has-post-thumbnail","6":"product_cat-rocni-kamni","7":"product_cat-smaragd","8":"product_tag-smaragd","10":"first","11":"instock","12":"purchasable","13":"product-type-simple"},"_links":{"self":[{"href":"https:\/\/moirai.si\/hr\/wp-json\/wp\/v2\/product\/14477","targetHints":{"allow":["GET"]}}],"collection":[{"href":"https:\/\/moirai.si\/hr\/wp-json\/wp\/v2\/product"}],"about":[{"href":"https:\/\/moirai.si\/hr\/wp-json\/wp\/v2\/types\/product"}],"wp:featuredmedia":[{"embeddable":true,"href":"https:\/\/moirai.si\/hr\/wp-json\/wp\/v2\/media\/19960"}],"wp:attachment":[{"href":"https:\/\/moirai.si\/hr\/wp-json\/wp\/v2\/media?parent=14477"}],"wp:term":[{"taxonomy":"product_brand","embeddable":true,"href":"https:\/\/moirai.si\/hr\/wp-json\/wp\/v2\/product_brand?post=14477"},{"taxonomy":"product_cat","embeddable":true,"href":"https:\/\/moirai.si\/hr\/wp-json\/wp\/v2\/product_cat?post=14477"},{"taxonomy":"product_tag","embeddable":true,"href":"https:\/\/moirai.si\/hr\/wp-json\/wp\/v2\/product_tag?post=14477"}],"curies":[{"name":"wp","href":"https:\/\/api.w.org\/{rel}","templated":true}]}}