{"id":14508,"date":"2019-08-31T13:13:58","date_gmt":"2019-08-31T13:13:58","guid":{"rendered":"https:\/\/moirai.si\/?post_type=product&#038;p=14508"},"modified":"2025-11-20T20:20:32","modified_gmt":"2025-11-20T20:20:32","slug":"clasic-rodokrozit","status":"publish","type":"product","link":"https:\/\/moirai.si\/hr\/izdelek\/clasic-rodokrozit\/","title":{"rendered":"Clasic Rodokrozit"},"content":{"rendered":"<p>Elegantna zapestnica kolekcije Clasic, ki je narejena iz Rodokrozita ter rodiniranega srebra. Zapestnica je nizana na mehko, vendar mo\u010dno jekleno \u017eico. Slika je simboli\u010dna. Mo\u017ena so manj\u0161a odstopanja v barvi.<\/p>\n<p>MATERIAL: Rodokrozit, rodinirano srebro 925<br \/>\nDU\u017dINA: podesiva 17-19,5 cm<br \/>\nTE\u017dINA: 9,4 g<br \/>\nVELI\u010cINA KAMENA: 4 mm<br \/>\nKOP\u010cA: 9 mm<\/p>","protected":false},"excerpt":{"rendered":"<p>Elegantna zapestnica kolekcije Clasic, ki je narejena iz Rodokrozita ter rodiniranega srebra. Zapestnica je nizana na mehko, vendar mo\u010dno jekleno \u017eico. Slika je simboli\u010dna. Mo\u017ena so manj\u0161a odstopanja v barvi. MATERIAL: Rodokrozit, rodinirano srebro 925 DOL\u017dINA: prilagodljiva 17-19,5 cm TE\u017dA: 9.4 g VELIKOST KAMNOV: 4 mm ZAPONKA: 9 mm<\/p>","protected":false},"featured_media":26584,"template":"","meta":[],"product_brand":[],"product_cat":[208,820,821,822,1137,71],"product_tag":[637,397],"class_list":{"0":"post-14508","1":"product","2":"type-product","3":"status-publish","4":"has-post-thumbnail","6":"product_cat-clasic","7":"product_cat-do-18cm","8":"product_cat-od-18-do-19cm","9":"product_cat-od-19-do-20cm","10":"product_cat-ogled-vseh-zapestnice-2","11":"product_cat-rodokrozit","12":"product_tag-rodinirano-srebro-925","13":"product_tag-rodokrozit","15":"first","16":"instock","17":"purchasable","18":"product-type-simple"},"_links":{"self":[{"href":"https:\/\/moirai.si\/hr\/wp-json\/wp\/v2\/product\/14508","targetHints":{"allow":["GET"]}}],"collection":[{"href":"https:\/\/moirai.si\/hr\/wp-json\/wp\/v2\/product"}],"about":[{"href":"https:\/\/moirai.si\/hr\/wp-json\/wp\/v2\/types\/product"}],"wp:featuredmedia":[{"embeddable":true,"href":"https:\/\/moirai.si\/hr\/wp-json\/wp\/v2\/media\/26584"}],"wp:attachment":[{"href":"https:\/\/moirai.si\/hr\/wp-json\/wp\/v2\/media?parent=14508"}],"wp:term":[{"taxonomy":"product_brand","embeddable":true,"href":"https:\/\/moirai.si\/hr\/wp-json\/wp\/v2\/product_brand?post=14508"},{"taxonomy":"product_cat","embeddable":true,"href":"https:\/\/moirai.si\/hr\/wp-json\/wp\/v2\/product_cat?post=14508"},{"taxonomy":"product_tag","embeddable":true,"href":"https:\/\/moirai.si\/hr\/wp-json\/wp\/v2\/product_tag?post=14508"}],"curies":[{"name":"wp","href":"https:\/\/api.w.org\/{rel}","templated":true}]}}