{"id":14842,"date":"2019-10-29T16:37:20","date_gmt":"2019-10-29T16:37:20","guid":{"rendered":"https:\/\/moirai.si\/?post_type=product&#038;p=14842"},"modified":"2025-01-09T13:06:56","modified_gmt":"2025-01-09T13:06:56","slug":"jajce-jaspis-leopardova-s","status":"publish","type":"product","link":"https:\/\/moirai.si\/hr\/izdelek\/jajce-jaspis-leopardova-s\/","title":{"rendered":"Jaje Jaspis Leopardova S"},"content":{"rendered":"<p>\u010cudovit kos ro\u010dno spoliranega jaj\u010dka iz Jaspisa (Leopardova Ko\u017ea), primeren kot zdravilni ro\u010dni kamen ali kot darilo. Slika je simboli\u010dna. Mo\u017ena so manj\u0161a odstopanja v barvi, te\u017ei in obliki.<\/p>\n<p>Vi\u0161e informacija: <a href=\"https:\/\/moirai.si\/hr\/jaspis\/\" target=\"_blank\" rel=\"noopener noreferrer\">Jaspis <\/a><\/p>\n<p>MATERIAL: Jaspis (Leopardova Ko\u017ea)<br \/>\nDIMENZIJE: 2,5-3 cm<br \/>\nTE\u017dINA: cca 30 g<\/p>","protected":false},"excerpt":{"rendered":"<p>\u010cudovit kos ro\u010dno spoliranega jaj\u010dka iz Jaspisa (Leopardova Ko\u017ea), primeren kot zdravilni ro\u010dni kamen ali kot darilo. Slika je simboli\u010dna. Mo\u017ena so manj\u0161a odstopanja v barvi, te\u017ei in obliki. Ve\u010d informacij: Jaspis MATERIAL: Jaspis (Leopardova Ko\u017ea) DIMENZIJE: 2.5-3 cm TE\u017dA: cca 30 g<\/p>","protected":false},"featured_media":25782,"template":"","meta":[],"product_brand":[],"product_cat":[752,47],"product_tag":[893],"class_list":{"0":"post-14842","1":"product","2":"type-product","3":"status-publish","4":"has-post-thumbnail","6":"product_cat-jajcka","7":"product_cat-jaspis","8":"product_tag-jaspis-leopardova-koza-yoni-jajcka","10":"first","11":"instock","12":"purchasable","13":"product-type-simple"},"_links":{"self":[{"href":"https:\/\/moirai.si\/hr\/wp-json\/wp\/v2\/product\/14842","targetHints":{"allow":["GET"]}}],"collection":[{"href":"https:\/\/moirai.si\/hr\/wp-json\/wp\/v2\/product"}],"about":[{"href":"https:\/\/moirai.si\/hr\/wp-json\/wp\/v2\/types\/product"}],"wp:featuredmedia":[{"embeddable":true,"href":"https:\/\/moirai.si\/hr\/wp-json\/wp\/v2\/media\/25782"}],"wp:attachment":[{"href":"https:\/\/moirai.si\/hr\/wp-json\/wp\/v2\/media?parent=14842"}],"wp:term":[{"taxonomy":"product_brand","embeddable":true,"href":"https:\/\/moirai.si\/hr\/wp-json\/wp\/v2\/product_brand?post=14842"},{"taxonomy":"product_cat","embeddable":true,"href":"https:\/\/moirai.si\/hr\/wp-json\/wp\/v2\/product_cat?post=14842"},{"taxonomy":"product_tag","embeddable":true,"href":"https:\/\/moirai.si\/hr\/wp-json\/wp\/v2\/product_tag?post=14842"}],"curies":[{"name":"wp","href":"https:\/\/api.w.org\/{rel}","templated":true}]}}