{"id":14853,"date":"2019-10-29T17:39:50","date_gmt":"2019-10-29T17:39:50","guid":{"rendered":"https:\/\/moirai.si\/?post_type=product&#038;p=14853"},"modified":"2025-11-11T13:39:39","modified_gmt":"2025-11-11T13:39:39","slug":"lepidolit","status":"publish","type":"product","link":"https:\/\/moirai.si\/hr\/izdelek\/lepidolit\/","title":{"rendered":"Lepidolit"},"content":{"rendered":"<p>Prekrasan komad poliranog lepidolita, pogodan kao ljekoviti ru\u010dni kamen ili kao poklon. Slika je simboli\u010dna. Mogu\u0107a su manja odstupanja u boji, te\u017eini i obliku.<\/p>\n<p>Vi\u0161e informacija: <a href=\"https:\/\/moirai.si\/hr\/lepidolit\/\" target=\"_blank\" rel=\"noopener noreferrer\">Lepidolit<\/a><\/p>\n<p>MATERIJAL: Lepidolit (Brazil)<br \/>\nDIMENZIJE: 2-5 cm<br \/>\nTE\u017dINA: 10-30 g<\/p>","protected":false},"excerpt":{"rendered":"<p>\u010cudovit kos spoliranega Lepidolita, primeren kot zdravilni ro\u010dni kamen ali kot darilo. Slika je simboli\u010dna. Mo\u017ena so manj\u0161a odstopanja v barvi, te\u017ei in obliki. Ve\u010d informacij: Lepidolit MATERIAL: Lepidolit (Brazilija) DIMENZIJE: 2-5 cm TE\u017dA: 10-30 g<\/p>","protected":false},"featured_media":19123,"template":"","meta":[],"product_brand":[],"product_cat":[56,753],"product_tag":[230],"class_list":{"0":"post-14853","1":"product","2":"type-product","3":"status-publish","4":"has-post-thumbnail","6":"product_cat-lepidolit","7":"product_cat-rocni-kamni","8":"product_tag-lepidolit","10":"first","11":"instock","12":"purchasable","13":"product-type-simple"},"_links":{"self":[{"href":"https:\/\/moirai.si\/hr\/wp-json\/wp\/v2\/product\/14853","targetHints":{"allow":["GET"]}}],"collection":[{"href":"https:\/\/moirai.si\/hr\/wp-json\/wp\/v2\/product"}],"about":[{"href":"https:\/\/moirai.si\/hr\/wp-json\/wp\/v2\/types\/product"}],"wp:featuredmedia":[{"embeddable":true,"href":"https:\/\/moirai.si\/hr\/wp-json\/wp\/v2\/media\/19123"}],"wp:attachment":[{"href":"https:\/\/moirai.si\/hr\/wp-json\/wp\/v2\/media?parent=14853"}],"wp:term":[{"taxonomy":"product_brand","embeddable":true,"href":"https:\/\/moirai.si\/hr\/wp-json\/wp\/v2\/product_brand?post=14853"},{"taxonomy":"product_cat","embeddable":true,"href":"https:\/\/moirai.si\/hr\/wp-json\/wp\/v2\/product_cat?post=14853"},{"taxonomy":"product_tag","embeddable":true,"href":"https:\/\/moirai.si\/hr\/wp-json\/wp\/v2\/product_tag?post=14853"}],"curies":[{"name":"wp","href":"https:\/\/api.w.org\/{rel}","templated":true}]}}