{"id":14861,"date":"2019-10-29T18:40:35","date_gmt":"2019-10-29T18:40:35","guid":{"rendered":"https:\/\/moirai.si\/?post_type=product&#038;p=14861"},"modified":"2026-03-26T12:41:11","modified_gmt":"2026-03-26T12:41:11","slug":"karneol-bocvana","status":"publish","type":"product","link":"https:\/\/moirai.si\/hr\/izdelek\/karneol-botswana-s\/","title":{"rendered":"Karneol Bocvana S"},"content":{"rendered":"<p>Prekrasan komad poliranog karneola, pogodan kao ljekoviti kamen za ruke ili kao poklon. Slika je simboli\u010dna. Mogu\u0107a su manja odstupanja u boji, te\u017eini i obliku.<\/p>\n<p>Vi\u0161e informacija: <a href=\"https:\/\/moirai.si\/hr\/karneol\/\" target=\"_blank\" rel=\"noopener noreferrer\">Karneol<\/a><\/p>\n<p>MATERIJAL: Karneol (Bocvana)<br \/>\nDIMENZIJE: 1,5-5 cm<br \/>\nTE\u017dINA: 5-20 g<\/p>","protected":false},"excerpt":{"rendered":"<p>\u010cudovit kos spoliranega Karneola, primeren kot zdravilni ro\u010dni kamen ali kot darilo. Slika je simboli\u010dna. Mo\u017ena so manj\u0161a odstopanja v barvi, te\u017ei in obliki. Ve\u010d informacij: Karneol MATERIAL: Karneol (Botsvana) DIMENZIJE: 1,5-5 cm TE\u017dA: 5-20 g<\/p>","protected":false},"featured_media":19110,"template":"","meta":[],"product_brand":[],"product_cat":[48,753],"product_tag":[866],"class_list":{"0":"post-14861","1":"product","2":"type-product","3":"status-publish","4":"has-post-thumbnail","6":"product_cat-karneol","7":"product_cat-rocni-kamni","8":"product_tag-karneol-botsvana","10":"first","11":"instock","12":"purchasable","13":"product-type-simple"},"_links":{"self":[{"href":"https:\/\/moirai.si\/hr\/wp-json\/wp\/v2\/product\/14861","targetHints":{"allow":["GET"]}}],"collection":[{"href":"https:\/\/moirai.si\/hr\/wp-json\/wp\/v2\/product"}],"about":[{"href":"https:\/\/moirai.si\/hr\/wp-json\/wp\/v2\/types\/product"}],"wp:featuredmedia":[{"embeddable":true,"href":"https:\/\/moirai.si\/hr\/wp-json\/wp\/v2\/media\/19110"}],"wp:attachment":[{"href":"https:\/\/moirai.si\/hr\/wp-json\/wp\/v2\/media?parent=14861"}],"wp:term":[{"taxonomy":"product_brand","embeddable":true,"href":"https:\/\/moirai.si\/hr\/wp-json\/wp\/v2\/product_brand?post=14861"},{"taxonomy":"product_cat","embeddable":true,"href":"https:\/\/moirai.si\/hr\/wp-json\/wp\/v2\/product_cat?post=14861"},{"taxonomy":"product_tag","embeddable":true,"href":"https:\/\/moirai.si\/hr\/wp-json\/wp\/v2\/product_tag?post=14861"}],"curies":[{"name":"wp","href":"https:\/\/api.w.org\/{rel}","templated":true}]}}