{"id":15148,"date":"2019-12-17T14:03:51","date_gmt":"2019-12-17T14:03:51","guid":{"rendered":"https:\/\/moirai.si\/?post_type=product&#038;p=15148"},"modified":"2022-11-14T11:38:27","modified_gmt":"2022-11-14T11:38:27","slug":"versy-kalcedon-6","status":"publish","type":"product","link":"https:\/\/moirai.si\/hr\/izdelek\/versy-kalcedon-6\/","title":{"rendered":"Versy Kalcedon"},"content":{"rendered":"<p>Unikatan privjesak kolekcije Versy Kalcedon na crni ko\u017ei podesive duljine (povucite \u010dvor gore ili dolje). Ogrlica je unisex i pogodna je za djecu i odrasle. <\/p>\n<p>Vi\u0161e informacija: <a href=\"https:\/\/moirai.si\/hr\/kalcedon\/\" target=\"_blank\" rel=\"noopener noreferrer\">Kalcedon<\/a><\/p>\n<p>MATERIAL: Kalcedon, crna ko\u017ea<br \/>\nDU\u017dINA: podesiva (38-77 cm)<br \/>\nTE\u017dA: 13 g<br \/>\nVELI\u010cINA KAMENA: 2,5-3,3 cm<br \/>\nDEBLJINA KAMENA: 0,9 cm<\/p>","protected":false},"excerpt":{"rendered":"<p>Unikaten obesek kolekcije Versy iz Kalcedona na \u010drnem usnjenem traku s prilagodljivo dol\u017eino (poteg vozla gor oz. dol). Ogrlica je unisex in je primerna za otroke in odrasle. Ve\u010d informacij: Kalcedon MATERIAL: Kalcedon, \u010drno usnje DOL\u017dINA: prilagodljiva (38-77 cm) TE\u017dA: 13 g VELIKOST KAMNA: 2.5-3.3 cm DEBELINA KAMNA: 0.9 cm<\/p>","protected":false},"featured_media":15149,"template":"","meta":[],"product_brand":[],"product_cat":[439,92,309],"product_tag":[648,396],"class_list":{"0":"post-15148","1":"product","2":"type-product","3":"status-publish","4":"has-post-thumbnail","6":"product_cat-kalcedon","7":"product_cat-obeski-in-usnje","8":"product_cat-versy","9":"product_tag-crno-usnje","10":"product_tag-kalcedon","12":"first","13":"instock","14":"purchasable","15":"product-type-simple"},"_links":{"self":[{"href":"https:\/\/moirai.si\/hr\/wp-json\/wp\/v2\/product\/15148","targetHints":{"allow":["GET"]}}],"collection":[{"href":"https:\/\/moirai.si\/hr\/wp-json\/wp\/v2\/product"}],"about":[{"href":"https:\/\/moirai.si\/hr\/wp-json\/wp\/v2\/types\/product"}],"wp:featuredmedia":[{"embeddable":true,"href":"https:\/\/moirai.si\/hr\/wp-json\/wp\/v2\/media\/15149"}],"wp:attachment":[{"href":"https:\/\/moirai.si\/hr\/wp-json\/wp\/v2\/media?parent=15148"}],"wp:term":[{"taxonomy":"product_brand","embeddable":true,"href":"https:\/\/moirai.si\/hr\/wp-json\/wp\/v2\/product_brand?post=15148"},{"taxonomy":"product_cat","embeddable":true,"href":"https:\/\/moirai.si\/hr\/wp-json\/wp\/v2\/product_cat?post=15148"},{"taxonomy":"product_tag","embeddable":true,"href":"https:\/\/moirai.si\/hr\/wp-json\/wp\/v2\/product_tag?post=15148"}],"curies":[{"name":"wp","href":"https:\/\/api.w.org\/{rel}","templated":true}]}}