{"id":15184,"date":"2019-12-17T16:58:46","date_gmt":"2019-12-17T16:58:46","guid":{"rendered":"https:\/\/moirai.si\/?post_type=product&#038;p=15184"},"modified":"2022-11-14T12:43:13","modified_gmt":"2022-11-14T12:43:13","slug":"versy-cijanit-5","status":"publish","type":"product","link":"https:\/\/moirai.si\/hr\/izdelek\/versy-kianit-5\/","title":{"rendered":"Versy Kianit"},"content":{"rendered":"<p>Jedinstveni privjesak iz Versy kolekcije izra\u0111en od kianita na crnom ko\u017enom remenu s podesivom duljinom (povucite \u010dvor gore ili dolje). Ogrlica je unisex i prikladna za djecu i odrasle. <\/p>\n<p>Vi\u0161e informacija: <a href=\"https:\/\/moirai.si\/hr\/kijanit\/\" target=\"_blank\" rel=\"noopener noreferrer\">Kianit<\/a><\/p>\n<p>MATERIJAL: Kijanit, crna ko\u017ea<br \/>\nDU\u017dINA: podesiva (38-77 cm)<br \/>\nTE\u017dINA: 13,9 g<br \/>\nVELI\u010cINA KAMENA: 1,3-3,7 cm<br \/>\nDEBLJINA KAMENA: 0,8 cm<\/p>","protected":false},"excerpt":{"rendered":"<p>Unikaten obesek kolekcije Versy iz Kianita na \u010drnem usnjenem traku s prilagodljivo dol\u017eino (poteg vozla gor oz. dol). Ogrlica je unisex in je primerna za otroke in odrasle. Ve\u010d informacij: Kianit MATERIAL: Kianit, \u010drno usnje DOL\u017dINA: prilagodljiva (38-77 cm) TE\u017dA: 13.9 g VELIKOST KAMNA: 1.3-3.7 cm DEBELINA KAMNA: 0.8 cm<\/p>","protected":false},"featured_media":15185,"template":"","meta":[],"product_brand":[],"product_cat":[49,92,309],"product_tag":[648,360],"class_list":{"0":"post-15184","1":"product","2":"type-product","3":"status-publish","4":"has-post-thumbnail","6":"product_cat-kianit","7":"product_cat-obeski-in-usnje","8":"product_cat-versy","9":"product_tag-crno-usnje","10":"product_tag-kianit","12":"first","13":"instock","14":"purchasable","15":"product-type-simple"},"_links":{"self":[{"href":"https:\/\/moirai.si\/hr\/wp-json\/wp\/v2\/product\/15184","targetHints":{"allow":["GET"]}}],"collection":[{"href":"https:\/\/moirai.si\/hr\/wp-json\/wp\/v2\/product"}],"about":[{"href":"https:\/\/moirai.si\/hr\/wp-json\/wp\/v2\/types\/product"}],"wp:featuredmedia":[{"embeddable":true,"href":"https:\/\/moirai.si\/hr\/wp-json\/wp\/v2\/media\/15185"}],"wp:attachment":[{"href":"https:\/\/moirai.si\/hr\/wp-json\/wp\/v2\/media?parent=15184"}],"wp:term":[{"taxonomy":"product_brand","embeddable":true,"href":"https:\/\/moirai.si\/hr\/wp-json\/wp\/v2\/product_brand?post=15184"},{"taxonomy":"product_cat","embeddable":true,"href":"https:\/\/moirai.si\/hr\/wp-json\/wp\/v2\/product_cat?post=15184"},{"taxonomy":"product_tag","embeddable":true,"href":"https:\/\/moirai.si\/hr\/wp-json\/wp\/v2\/product_tag?post=15184"}],"curies":[{"name":"wp","href":"https:\/\/api.w.org\/{rel}","templated":true}]}}