{"id":15288,"date":"2019-12-18T19:15:48","date_gmt":"2019-12-18T19:15:48","guid":{"rendered":"https:\/\/moirai.si\/?post_type=product&#038;p=15288"},"modified":"2025-01-08T17:31:06","modified_gmt":"2025-01-08T17:31:06","slug":"kunzit-3","status":"publish","type":"product","link":"https:\/\/moirai.si\/hr\/izdelek\/kunzit-3\/","title":{"rendered":"Kunzit"},"content":{"rendered":"<p>Prekrasan komad poliranog kunzita (Afganistan), prikladan kao kamen za iscjeljivanje ruku ili kao poklon za va\u0161e najmilije.<\/p>\n<p>Vi\u0161e informacija: <a href=\"https:\/\/moirai.si\/hr\/kunzit\/\" target=\"_blank\" rel=\"noopener noreferrer\">Kunzit<\/a><\/p>\n<p>MATERIJAL: Kunzit<br \/>\nDIMENZIJE: 2.6-3 cm<br \/>\nTE\u017dINA: 8,8 g<\/p>","protected":false},"excerpt":{"rendered":"<p>\u010cudovit kos spoliranega Kunzita (Afganistan), primeren kot zdravilni ro\u010dni kamen ali kot darilo za va\u0161e najbli\u017enje. Ve\u010d informacij: Kunzit MATERIAL: Kunzit DIMENZIJE: 2.6-3 cm TE\u017dA: 8.8 g<\/p>","protected":false},"featured_media":25755,"template":"","meta":[],"product_brand":[],"product_cat":[185,873],"product_tag":[875],"class_list":{"0":"post-15288","1":"product","2":"type-product","3":"status-publish","4":"has-post-thumbnail","6":"product_cat-kristali-in-minerali","7":"product_cat-kunzit","8":"product_tag-kunzit","10":"first","11":"instock","12":"purchasable","13":"product-type-simple"},"_links":{"self":[{"href":"https:\/\/moirai.si\/hr\/wp-json\/wp\/v2\/product\/15288","targetHints":{"allow":["GET"]}}],"collection":[{"href":"https:\/\/moirai.si\/hr\/wp-json\/wp\/v2\/product"}],"about":[{"href":"https:\/\/moirai.si\/hr\/wp-json\/wp\/v2\/types\/product"}],"wp:featuredmedia":[{"embeddable":true,"href":"https:\/\/moirai.si\/hr\/wp-json\/wp\/v2\/media\/25755"}],"wp:attachment":[{"href":"https:\/\/moirai.si\/hr\/wp-json\/wp\/v2\/media?parent=15288"}],"wp:term":[{"taxonomy":"product_brand","embeddable":true,"href":"https:\/\/moirai.si\/hr\/wp-json\/wp\/v2\/product_brand?post=15288"},{"taxonomy":"product_cat","embeddable":true,"href":"https:\/\/moirai.si\/hr\/wp-json\/wp\/v2\/product_cat?post=15288"},{"taxonomy":"product_tag","embeddable":true,"href":"https:\/\/moirai.si\/hr\/wp-json\/wp\/v2\/product_tag?post=15288"}],"curies":[{"name":"wp","href":"https:\/\/api.w.org\/{rel}","templated":true}]}}