{"id":15584,"date":"2020-01-24T16:28:29","date_gmt":"2020-01-24T16:28:29","guid":{"rendered":"https:\/\/moirai.si\/?post_type=product&#038;p=15584"},"modified":"2026-02-02T09:50:56","modified_gmt":"2026-02-02T09:50:56","slug":"narancasto-kvarcno-njihalo","status":"publish","type":"product","link":"https:\/\/moirai.si\/hr\/izdelek\/nihalo-kvarc-oranzni\/","title":{"rendered":"Visak naran\u010dasti Kvarc"},"content":{"rendered":"<p>Visak naran\u010dasti Kvarc. Slika je simboli\u010dna. Mogu\u0107a su manja odstupanja u boji, te\u017eini i obliku.<\/p>\n<p>Vi\u0161e informacija: <a href=\"https:\/\/moirai.si\/hr\/njihalo\/\" target=\"_blank\" rel=\"noopener noreferrer\">Visak<\/a>, <a href=\"https:\/\/moirai.si\/hr\/kvarcni\/\" target=\"_blank\" rel=\"noopener noreferrer\">Kvarc<\/a><\/p>\n<p>MATERIJAL: naran\u010dasti kvarc<br \/>\nTE\u017dINA: 5-15 g<br \/>\nVELI\u010cINA KAMENA: 3-5 cm<\/p>","protected":false},"excerpt":{"rendered":"<p>Nihalo iz oran\u017enega Kvarca na posrebreni veri\u017eici, zaklju\u010deno z bunkico iz kamna za preprosto uporabo. Slika je simboli\u010dna. Mo\u017ena so manj\u0161a odstopanja v barvi, te\u017ei in obliki. Ve\u010d informacij: Nihalo, Kvarc MATERIAL: Oran\u017eni Kvarc TE\u017dA: 5-15 g VELIKOST KAMNOV: 3-5 cm<\/p>","protected":false},"featured_media":25801,"template":"","meta":[],"product_brand":[],"product_cat":[848,754],"product_tag":[368,879],"class_list":{"0":"post-15584","1":"product","2":"type-product","3":"status-publish","4":"has-post-thumbnail","6":"product_cat-kvarc","7":"product_cat-nihala","8":"product_tag-nihalo","9":"product_tag-oranzni-kvarc","11":"first","12":"instock","13":"purchasable","14":"product-type-simple"},"_links":{"self":[{"href":"https:\/\/moirai.si\/hr\/wp-json\/wp\/v2\/product\/15584","targetHints":{"allow":["GET"]}}],"collection":[{"href":"https:\/\/moirai.si\/hr\/wp-json\/wp\/v2\/product"}],"about":[{"href":"https:\/\/moirai.si\/hr\/wp-json\/wp\/v2\/types\/product"}],"wp:featuredmedia":[{"embeddable":true,"href":"https:\/\/moirai.si\/hr\/wp-json\/wp\/v2\/media\/25801"}],"wp:attachment":[{"href":"https:\/\/moirai.si\/hr\/wp-json\/wp\/v2\/media?parent=15584"}],"wp:term":[{"taxonomy":"product_brand","embeddable":true,"href":"https:\/\/moirai.si\/hr\/wp-json\/wp\/v2\/product_brand?post=15584"},{"taxonomy":"product_cat","embeddable":true,"href":"https:\/\/moirai.si\/hr\/wp-json\/wp\/v2\/product_cat?post=15584"},{"taxonomy":"product_tag","embeddable":true,"href":"https:\/\/moirai.si\/hr\/wp-json\/wp\/v2\/product_tag?post=15584"}],"curies":[{"name":"wp","href":"https:\/\/api.w.org\/{rel}","templated":true}]}}