{"id":15960,"date":"2020-03-12T13:13:57","date_gmt":"2020-03-12T13:13:57","guid":{"rendered":"https:\/\/moirai.si\/?post_type=product&#038;p=15960"},"modified":"2026-03-29T12:26:56","modified_gmt":"2026-03-29T12:26:56","slug":"rodinirano-srebro-925-lancic-45-cm","status":"publish","type":"product","link":"https:\/\/moirai.si\/hr\/izdelek\/rodinirana-srebrna-925-verizica-45cm\/","title":{"rendered":"Lanac od rodiniranog srebra 925 45 cm"},"content":{"rendered":"<p>Lanac od rodiniranog srebra 925 (45 cm).<\/p>\n<p>MATERIJAL: Rodirano srebro fino\u0107e 925<br \/>\n\u0160IRINA: 1,8 mm<br \/>\nTE\u017dINA: 2,7 g<br \/>\nDU\u017dINA: 45 cm<br \/>\nPETLJA ZA ZATVARANJE KOP\u010cOM: 3mm<br \/>\nKop\u010da: 9 mm<\/p>","protected":false},"excerpt":{"rendered":"<p>Rodinirana srebrna 925 veri\u017eica (45cm). MATERIAL: Rodinirano srebro 925 \u0160IRINA: 1.8 mm TE\u017dA: 2.7 g DOL\u017dINA: 45 cm ZANKA ZA ZAPIRANJE ZAPONKE: 3mm ZAPONKA: 9mm<\/p>","protected":false},"featured_media":21621,"template":"","meta":[],"product_brand":[],"product_cat":[815,816,1136,911],"product_tag":[1096],"class_list":{"0":"post-15960","1":"product","2":"type-product","3":"status-publish","4":"has-post-thumbnail","6":"product_cat-od-42-do-45cm","7":"product_cat-od-45-do-50cm","8":"product_cat-ogled-vseh","9":"product_cat-verizice-in-vrvice","10":"product_tag-rodinirana-srebrna-925-verizica-45cm","12":"first","13":"outofstock","14":"shipping-taxable","15":"purchasable","16":"product-type-simple"},"_links":{"self":[{"href":"https:\/\/moirai.si\/hr\/wp-json\/wp\/v2\/product\/15960","targetHints":{"allow":["GET"]}}],"collection":[{"href":"https:\/\/moirai.si\/hr\/wp-json\/wp\/v2\/product"}],"about":[{"href":"https:\/\/moirai.si\/hr\/wp-json\/wp\/v2\/types\/product"}],"wp:featuredmedia":[{"embeddable":true,"href":"https:\/\/moirai.si\/hr\/wp-json\/wp\/v2\/media\/21621"}],"wp:attachment":[{"href":"https:\/\/moirai.si\/hr\/wp-json\/wp\/v2\/media?parent=15960"}],"wp:term":[{"taxonomy":"product_brand","embeddable":true,"href":"https:\/\/moirai.si\/hr\/wp-json\/wp\/v2\/product_brand?post=15960"},{"taxonomy":"product_cat","embeddable":true,"href":"https:\/\/moirai.si\/hr\/wp-json\/wp\/v2\/product_cat?post=15960"},{"taxonomy":"product_tag","embeddable":true,"href":"https:\/\/moirai.si\/hr\/wp-json\/wp\/v2\/product_tag?post=15960"}],"curies":[{"name":"wp","href":"https:\/\/api.w.org\/{rel}","templated":true}]}}