{"id":15961,"date":"2020-03-12T13:15:43","date_gmt":"2020-03-12T13:15:43","guid":{"rendered":"https:\/\/moirai.si\/?post_type=product&#038;p=15961"},"modified":"2026-03-29T10:54:23","modified_gmt":"2026-03-29T10:54:23","slug":"rodinirano-srebro-925-lancic-50-cm","status":"publish","type":"product","link":"https:\/\/moirai.si\/hr\/izdelek\/rodinirana-srebrna-925-verizica-50cm\/","title":{"rendered":"Lanac od rodiniranog srebra 925 50 cm"},"content":{"rendered":"<p>Lanac od rodiniranog srebra 925 (50 cm).<\/p>\n<p>MATERIJAL: Rodirano srebro fino\u0107e 925<br \/>\n\u0160IRINA: 1,8 mm<br \/>\nTE\u017dINA: 3 g<br \/>\nDU\u017dINA: 50 cm<br \/>\nPETLJA ZA ZATVARANJE KOP\u010cOM: 3mm<br \/>\nKop\u010da: 9 mm<\/p>","protected":false},"excerpt":{"rendered":"<p>Rodinirana srebrna 925 veri\u017eica (50cm). MATERIAL: Rodinirano srebro 925 \u0160IRINA: 1.8 mm TE\u017dA: 3 g DOL\u017dINA: 50 cm ZANKA ZA ZAPIRANJE ZAPONKE: 3mm ZAPONKA: 9mm<\/p>","protected":false},"featured_media":21621,"template":"","meta":[],"product_brand":[],"product_cat":[816,817,1136,911],"product_tag":[1097],"class_list":{"0":"post-15961","1":"product","2":"type-product","3":"status-publish","4":"has-post-thumbnail","6":"product_cat-od-45-do-50cm","7":"product_cat-od-50-do-60cm","8":"product_cat-ogled-vseh","9":"product_cat-verizice-in-vrvice","10":"product_tag-rodinirana-srebrna-925-verizica-50cm","12":"first","13":"outofstock","14":"shipping-taxable","15":"purchasable","16":"product-type-simple"},"_links":{"self":[{"href":"https:\/\/moirai.si\/hr\/wp-json\/wp\/v2\/product\/15961","targetHints":{"allow":["GET"]}}],"collection":[{"href":"https:\/\/moirai.si\/hr\/wp-json\/wp\/v2\/product"}],"about":[{"href":"https:\/\/moirai.si\/hr\/wp-json\/wp\/v2\/types\/product"}],"wp:featuredmedia":[{"embeddable":true,"href":"https:\/\/moirai.si\/hr\/wp-json\/wp\/v2\/media\/21621"}],"wp:attachment":[{"href":"https:\/\/moirai.si\/hr\/wp-json\/wp\/v2\/media?parent=15961"}],"wp:term":[{"taxonomy":"product_brand","embeddable":true,"href":"https:\/\/moirai.si\/hr\/wp-json\/wp\/v2\/product_brand?post=15961"},{"taxonomy":"product_cat","embeddable":true,"href":"https:\/\/moirai.si\/hr\/wp-json\/wp\/v2\/product_cat?post=15961"},{"taxonomy":"product_tag","embeddable":true,"href":"https:\/\/moirai.si\/hr\/wp-json\/wp\/v2\/product_tag?post=15961"}],"curies":[{"name":"wp","href":"https:\/\/api.w.org\/{rel}","templated":true}]}}