{"id":16222,"date":"2020-04-23T13:43:16","date_gmt":"2020-04-23T13:43:16","guid":{"rendered":"https:\/\/moirai.si\/?post_type=product&#038;p=16222"},"modified":"2022-11-08T15:57:13","modified_gmt":"2022-11-08T15:57:13","slug":"versy-bronzite-3","status":"publish","type":"product","link":"https:\/\/moirai.si\/hr\/izdelek\/versy-bronzit-3\/","title":{"rendered":"Versy Bronzit"},"content":{"rendered":"<p>Unikatan privjesak kolekcije Versy Bronzit na crni ko\u017ei podesive duljine (povucite \u010dvor gore ili dolje). Ogrlica je unisex i pogodna je za djecu i odrasle. <\/p>\n<p>Vi\u0161e informacija: <a href=\"https:\/\/moirai.si\/hr\/bronzit\/\" target=\"_blank\" rel=\"noopener noreferrer\">Bronzit<\/a><\/p>\n<p>MATERIJAL: Bronzit, crna ko\u017ea<br \/>\nDU\u017dINA: podesiva (38-77 cm)<br \/>\nTE\u017dINA: 18 g<br \/>\nDIMENZIJA KAMENA: 2,8 x 3,3 cm<br \/>\nDEBLJINA KAMENA: 0,6 cm<\/p>","protected":false},"excerpt":{"rendered":"<p>Unikaten obesek kolekcije Versy iz Bronzita na \u010drnem usnjenem traku s prilagodljivo dol\u017eino (poteg vozla gor oz. dol). Ogrlica je unisex in je primerna za otroke in odrasle. Ve\u010d informacij: Bronzit MATERIAL: Bronzit, \u010drno usnje DOL\u017dINA: prilagodljiva (38-77 cm) TE\u017dA: 18 g VELIKOST KAMNA: 2.8 x 3.3 cm DEBELINA KAMNA: 0,6 cm<\/p>","protected":false},"featured_media":16223,"template":"","meta":[],"product_brand":[],"product_cat":[520,92,309],"product_tag":[484,648],"class_list":{"0":"post-16222","1":"product","2":"type-product","3":"status-publish","4":"has-post-thumbnail","6":"product_cat-bronzit","7":"product_cat-obeski-in-usnje","8":"product_cat-versy","9":"product_tag-bronzit","10":"product_tag-crno-usnje","12":"first","13":"instock","14":"shipping-taxable","15":"purchasable","16":"product-type-simple"},"_links":{"self":[{"href":"https:\/\/moirai.si\/hr\/wp-json\/wp\/v2\/product\/16222","targetHints":{"allow":["GET"]}}],"collection":[{"href":"https:\/\/moirai.si\/hr\/wp-json\/wp\/v2\/product"}],"about":[{"href":"https:\/\/moirai.si\/hr\/wp-json\/wp\/v2\/types\/product"}],"wp:featuredmedia":[{"embeddable":true,"href":"https:\/\/moirai.si\/hr\/wp-json\/wp\/v2\/media\/16223"}],"wp:attachment":[{"href":"https:\/\/moirai.si\/hr\/wp-json\/wp\/v2\/media?parent=16222"}],"wp:term":[{"taxonomy":"product_brand","embeddable":true,"href":"https:\/\/moirai.si\/hr\/wp-json\/wp\/v2\/product_brand?post=16222"},{"taxonomy":"product_cat","embeddable":true,"href":"https:\/\/moirai.si\/hr\/wp-json\/wp\/v2\/product_cat?post=16222"},{"taxonomy":"product_tag","embeddable":true,"href":"https:\/\/moirai.si\/hr\/wp-json\/wp\/v2\/product_tag?post=16222"}],"curies":[{"name":"wp","href":"https:\/\/api.w.org\/{rel}","templated":true}]}}