{"id":16242,"date":"2020-04-23T15:08:04","date_gmt":"2020-04-23T15:08:04","guid":{"rendered":"https:\/\/moirai.si\/?post_type=product&#038;p=16242"},"modified":"2025-01-13T14:58:52","modified_gmt":"2025-01-13T14:58:52","slug":"clasic-lapis-lazuli-2","status":"publish","type":"product","link":"https:\/\/moirai.si\/hr\/izdelek\/clasic-lapis-lazuli-2\/","title":{"rendered":"Clasic Lapis Lazuli"},"content":{"rendered":"<p>Elegantna zapestnica kolekcije Clasic, ki je narejena iz Lapis Lazulija ter rodiniranih srebrnih 925 elementov, nizana na mehko, vendar mo\u010dno jekleno \u017eico in zaklju\u010dena z rodiniranimi srebrnimi elementi. <\/p>\n<p>MATERIAL: Lapis Lazuli, rodinirano Srebro 925<br \/>\nDU\u017dINA: podesiva 17,5-20 cm<br \/>\nTE\u017dA: 22.8 g<br \/>\nVELI\u010cINA KAMENA: 6-10 mm<br \/>\nKOP\u010cA: 9 mm<\/p>","protected":false},"excerpt":{"rendered":"<p>Elegantna zapestnica kolekcije Clasic, ki je narejena iz Lapis Lazulija ter rodiniranih srebrnih 925 elementov, nizana na mehko, vendar mo\u010dno jekleno \u017eico in zaklju\u010dena z rodiniranimi srebrnimi elementi. MATERIAL: Lapis Lazuli, rodinirano Srebro 925 DOL\u017dINA: prilagodljiva 17.5-20 cm TE\u017dA: 22.8 g VELIKOST KAMNOV: 6-10 mm ZAPONKA: 9 mm<\/p>","protected":false},"featured_media":24122,"template":"","meta":[],"product_brand":[],"product_cat":[208,820,55,821,822,823,1137],"product_tag":[280,637],"class_list":{"0":"post-16242","1":"product","2":"type-product","3":"status-publish","4":"has-post-thumbnail","6":"product_cat-clasic","7":"product_cat-do-18cm","8":"product_cat-lapis-lazuli","9":"product_cat-od-18-do-19cm","10":"product_cat-od-19-do-20cm","11":"product_cat-od-20cm","12":"product_cat-ogled-vseh-zapestnice-2","13":"product_tag-lapis-lazuli","14":"product_tag-rodinirano-srebro-925","16":"first","17":"instock","18":"shipping-taxable","19":"purchasable","20":"product-type-simple"},"_links":{"self":[{"href":"https:\/\/moirai.si\/hr\/wp-json\/wp\/v2\/product\/16242","targetHints":{"allow":["GET"]}}],"collection":[{"href":"https:\/\/moirai.si\/hr\/wp-json\/wp\/v2\/product"}],"about":[{"href":"https:\/\/moirai.si\/hr\/wp-json\/wp\/v2\/types\/product"}],"wp:featuredmedia":[{"embeddable":true,"href":"https:\/\/moirai.si\/hr\/wp-json\/wp\/v2\/media\/24122"}],"wp:attachment":[{"href":"https:\/\/moirai.si\/hr\/wp-json\/wp\/v2\/media?parent=16242"}],"wp:term":[{"taxonomy":"product_brand","embeddable":true,"href":"https:\/\/moirai.si\/hr\/wp-json\/wp\/v2\/product_brand?post=16242"},{"taxonomy":"product_cat","embeddable":true,"href":"https:\/\/moirai.si\/hr\/wp-json\/wp\/v2\/product_cat?post=16242"},{"taxonomy":"product_tag","embeddable":true,"href":"https:\/\/moirai.si\/hr\/wp-json\/wp\/v2\/product_tag?post=16242"}],"curies":[{"name":"wp","href":"https:\/\/api.w.org\/{rel}","templated":true}]}}