{"id":16253,"date":"2020-04-23T17:16:59","date_gmt":"2020-04-23T17:16:59","guid":{"rendered":"https:\/\/moirai.si\/?post_type=product&#038;p=16253"},"modified":"2025-01-13T14:58:19","modified_gmt":"2025-01-13T14:58:19","slug":"makrame-leda-2","status":"publish","type":"product","link":"https:\/\/moirai.si\/hr\/izdelek\/macrame-zad-2\/","title":{"rendered":"Macrame \u017dad"},"content":{"rendered":"<p>Narukvica \u017dad <\/p>\n<p>Vi\u0161e informacija: <a href=\"https:\/\/moirai.si\/hr\/iza\/\" target=\"_blank\" rel=\"noopener noreferrer\">\u017dad<\/a><\/p>\n<p>MATERIJAL: \u017dad (Tajland), Oniks<br \/>\nDU\u017dINA: podesiva od 16-25 cm<br \/>\nTE\u017dINA: 12,7 g<br \/>\nVELI\u010cINA KAMENA: 6-8mm<\/p>","protected":false},"excerpt":{"rendered":"<p>Unisex zapestnica kolekcije Macrame, ki je narejena iz \u017dada. Zapestnica je prilagodljiva in enostavna za no\u0161enje. Ve\u010d informacij: \u017dad MATERIAL: \u017dad (Tajska), Oniks DOL\u017dINA: prilagodljiva od 16-25 cm TE\u017dA: 12.7g VELIKOST KAMNOV: 6-8mm<\/p>","protected":false},"featured_media":16254,"template":"","meta":[],"product_brand":[],"product_cat":[820,212,821,822,823,1137,62,89],"product_tag":[206,916],"class_list":{"0":"post-16253","1":"product","2":"type-product","3":"status-publish","4":"has-post-thumbnail","6":"product_cat-do-18cm","7":"product_cat-macrame-2","8":"product_cat-od-18-do-19cm","9":"product_cat-od-19-do-20cm","10":"product_cat-od-20cm","11":"product_cat-ogled-vseh-zapestnice-2","12":"product_cat-oniks","13":"product_cat-zad","14":"product_tag-oniks","15":"product_tag-zad-tajska","17":"first","18":"instock","19":"shipping-taxable","20":"purchasable","21":"product-type-simple"},"_links":{"self":[{"href":"https:\/\/moirai.si\/hr\/wp-json\/wp\/v2\/product\/16253","targetHints":{"allow":["GET"]}}],"collection":[{"href":"https:\/\/moirai.si\/hr\/wp-json\/wp\/v2\/product"}],"about":[{"href":"https:\/\/moirai.si\/hr\/wp-json\/wp\/v2\/types\/product"}],"wp:featuredmedia":[{"embeddable":true,"href":"https:\/\/moirai.si\/hr\/wp-json\/wp\/v2\/media\/16254"}],"wp:attachment":[{"href":"https:\/\/moirai.si\/hr\/wp-json\/wp\/v2\/media?parent=16253"}],"wp:term":[{"taxonomy":"product_brand","embeddable":true,"href":"https:\/\/moirai.si\/hr\/wp-json\/wp\/v2\/product_brand?post=16253"},{"taxonomy":"product_cat","embeddable":true,"href":"https:\/\/moirai.si\/hr\/wp-json\/wp\/v2\/product_cat?post=16253"},{"taxonomy":"product_tag","embeddable":true,"href":"https:\/\/moirai.si\/hr\/wp-json\/wp\/v2\/product_tag?post=16253"}],"curies":[{"name":"wp","href":"https:\/\/api.w.org\/{rel}","templated":true}]}}