{"id":16257,"date":"2020-04-23T17:20:49","date_gmt":"2020-04-23T17:20:49","guid":{"rendered":"https:\/\/moirai.si\/?post_type=product&#038;p=16257"},"modified":"2025-09-21T14:12:44","modified_gmt":"2025-09-21T14:12:44","slug":"duga-od-makramea-i-opsidijana","status":"publish","type":"product","link":"https:\/\/moirai.si\/hr\/izdelek\/macrame-obsidijan-mavricni\/","title":{"rendered":"Macrame Opsidijan Duga"},"content":{"rendered":"<p>Unisex narukvica Macrame kolekcije koja je izra\u0111ena od duga opsidijana. Narukvica je fleksibilna i laka za no\u0161enje. Slika je simboli\u010dna. Mogu\u0107e su manje varijacije u boji i te\u017eini.<\/p>\n<p>MATERIJAL: Duga opsidijan<br \/>\nDU\u017dINA: podesiva od 16-25 cm<br \/>\nTE\u017dINA: 5,7 g<br \/>\nVELI\u010cINA KAMENA: 6 mm<\/p>","protected":false},"excerpt":{"rendered":"<p>Unisex zapestnica kolekcije Macrame, ki je narejena iz Mavri\u010dnega Obsidijana. Zapestnica je prilagodljiva in enostavna za no\u0161enje. Slika je simboli\u010dna. Mo\u017ena so manj\u0161a odstopanja v barvi in te\u017ei. MATERIAL: Mavri\u010dni Obsidijan DOL\u017dINA: prilagodljiva od 16-25 cm TE\u017dA: 5,7 g VELIKOST KAMNOV: 6 mm<\/p>","protected":false},"featured_media":26086,"template":"","meta":[],"product_brand":[],"product_cat":[820,212,63,821,822,823,1137],"product_tag":[832],"class_list":{"0":"post-16257","1":"product","2":"type-product","3":"status-publish","4":"has-post-thumbnail","6":"product_cat-do-18cm","7":"product_cat-macrame-2","8":"product_cat-obsidijan","9":"product_cat-od-18-do-19cm","10":"product_cat-od-19-do-20cm","11":"product_cat-od-20cm","12":"product_cat-ogled-vseh-zapestnice-2","13":"product_tag-mavricni-obsidijan","15":"first","16":"outofstock","17":"shipping-taxable","18":"purchasable","19":"product-type-simple"},"_links":{"self":[{"href":"https:\/\/moirai.si\/hr\/wp-json\/wp\/v2\/product\/16257","targetHints":{"allow":["GET"]}}],"collection":[{"href":"https:\/\/moirai.si\/hr\/wp-json\/wp\/v2\/product"}],"about":[{"href":"https:\/\/moirai.si\/hr\/wp-json\/wp\/v2\/types\/product"}],"wp:featuredmedia":[{"embeddable":true,"href":"https:\/\/moirai.si\/hr\/wp-json\/wp\/v2\/media\/26086"}],"wp:attachment":[{"href":"https:\/\/moirai.si\/hr\/wp-json\/wp\/v2\/media?parent=16257"}],"wp:term":[{"taxonomy":"product_brand","embeddable":true,"href":"https:\/\/moirai.si\/hr\/wp-json\/wp\/v2\/product_brand?post=16257"},{"taxonomy":"product_cat","embeddable":true,"href":"https:\/\/moirai.si\/hr\/wp-json\/wp\/v2\/product_cat?post=16257"},{"taxonomy":"product_tag","embeddable":true,"href":"https:\/\/moirai.si\/hr\/wp-json\/wp\/v2\/product_tag?post=16257"}],"curies":[{"name":"wp","href":"https:\/\/api.w.org\/{rel}","templated":true}]}}