{"id":16263,"date":"2020-04-24T10:44:04","date_gmt":"2020-04-24T10:44:04","guid":{"rendered":"https:\/\/moirai.si\/?post_type=product&#038;p=16263"},"modified":"2025-01-13T14:57:55","modified_gmt":"2025-01-13T14:57:55","slug":"macrame-mix-14","status":"publish","type":"product","link":"https:\/\/moirai.si\/hr\/izdelek\/macrame-mix-14\/","title":{"rendered":"Macrame Mix"},"content":{"rendered":"<p>Unisex narukvica iz Macrame kolekcije koja je izra\u0111ena od raznih kamen\u010di\u0107a. Narukvica je fleksibilna i laka za no\u0161enje. <\/p>\n<p>MATERIAL: Hematit, Ma\u010dje Oko, rde\u010da Gobasta Korala<br \/>\nDU\u017dINA: podesiva od 16-25 cm<br \/>\nTE\u017dA:\t13.5 g<br \/>\nVELI\u010cINA KAMENA: 6-8mm<\/p>","protected":false},"excerpt":{"rendered":"<p>Unisex narukvica iz Macrame kolekcije koja je izra\u0111ena od razli\u010ditih kamen\u010di\u0107a.<\/p>","protected":false},"featured_media":16264,"template":"","meta":[],"product_brand":[],"product_cat":[820,52,42,86,212,821,822,823,1137],"product_tag":[202,220,398],"class_list":{"0":"post-16263","1":"product","2":"type-product","3":"status-publish","4":"has-post-thumbnail","6":"product_cat-do-18cm","7":"product_cat-gobasta-korala","8":"product_cat-hematit","9":"product_cat-macje-oko","10":"product_cat-macrame-2","11":"product_cat-od-18-do-19cm","12":"product_cat-od-19-do-20cm","13":"product_cat-od-20cm","14":"product_cat-ogled-vseh-zapestnice-2","15":"product_tag-hematit","16":"product_tag-macje-oko","17":"product_tag-rdeca-gobasta-korala","19":"first","20":"instock","21":"shipping-taxable","22":"purchasable","23":"product-type-simple"},"_links":{"self":[{"href":"https:\/\/moirai.si\/hr\/wp-json\/wp\/v2\/product\/16263","targetHints":{"allow":["GET"]}}],"collection":[{"href":"https:\/\/moirai.si\/hr\/wp-json\/wp\/v2\/product"}],"about":[{"href":"https:\/\/moirai.si\/hr\/wp-json\/wp\/v2\/types\/product"}],"wp:featuredmedia":[{"embeddable":true,"href":"https:\/\/moirai.si\/hr\/wp-json\/wp\/v2\/media\/16264"}],"wp:attachment":[{"href":"https:\/\/moirai.si\/hr\/wp-json\/wp\/v2\/media?parent=16263"}],"wp:term":[{"taxonomy":"product_brand","embeddable":true,"href":"https:\/\/moirai.si\/hr\/wp-json\/wp\/v2\/product_brand?post=16263"},{"taxonomy":"product_cat","embeddable":true,"href":"https:\/\/moirai.si\/hr\/wp-json\/wp\/v2\/product_cat?post=16263"},{"taxonomy":"product_tag","embeddable":true,"href":"https:\/\/moirai.si\/hr\/wp-json\/wp\/v2\/product_tag?post=16263"}],"curies":[{"name":"wp","href":"https:\/\/api.w.org\/{rel}","templated":true}]}}