{"id":16265,"date":"2020-04-24T10:45:43","date_gmt":"2020-04-24T10:45:43","guid":{"rendered":"https:\/\/moirai.si\/?post_type=product&#038;p=16265"},"modified":"2025-06-01T12:25:26","modified_gmt":"2025-06-01T12:25:26","slug":"macrame-tigrovo-oko-3","status":"publish","type":"product","link":"https:\/\/moirai.si\/hr\/izdelek\/macrame-tigrovo-oko-3\/","title":{"rendered":"Makrame Tigrovo oko"},"content":{"rendered":"<p>Unisex zapestnica kolekcije Macrame, ki je narejena iz Tigrovega O\u010desa. Zapestnica je prilagodljiva in enostavna za no\u0161enje. Slika je simboli\u010dna. Mo\u017ena so manj\u0161a odstopanja v barvi.<\/p>\n<p>Vi\u0161e informacija: <a href=\"https:\/\/moirai.si\/hr\/tigrovo-oko\/\" target=\"_blank\" rel=\"noopener noreferrer\">Tigrovo Oko<\/a><\/p>\n<p>MATERIJAL: Tigrovo oko<br \/>\nDU\u017dINA: podesiva od 16-25 cm<br \/>\nTE\u017dINA: 11,8 g<br \/>\nVELI\u010cINA KAMENA: 6-8mm<\/p>","protected":false},"excerpt":{"rendered":"<p>Unisex zapestnica kolekcije Macrame, ki je narejena iz Tigrovega O\u010desa. Zapestnica je prilagodljiva in enostavna za no\u0161enje. Slika je simboli\u010dna. Mo\u017ena so manj\u0161a odstopanja v barvi. Ve\u010d informacij: Tigrovo Oko MATERIAL: Tigrovo Oko DOL\u017dINA: prilagodljiva od 16-25 cm TE\u017dA: 11.8 g VELIKOST KAMNOV: 6-8mm<\/p>","protected":false},"featured_media":16266,"template":"","meta":[],"product_brand":[],"product_cat":[820,212,821,822,823,1137,81],"product_tag":[199],"class_list":{"0":"post-16265","1":"product","2":"type-product","3":"status-publish","4":"has-post-thumbnail","6":"product_cat-do-18cm","7":"product_cat-macrame-2","8":"product_cat-od-18-do-19cm","9":"product_cat-od-19-do-20cm","10":"product_cat-od-20cm","11":"product_cat-ogled-vseh-zapestnice-2","12":"product_cat-tigrovo-oko","13":"product_tag-tigrovo-oko","15":"first","16":"outofstock","17":"shipping-taxable","18":"purchasable","19":"product-type-simple"},"_links":{"self":[{"href":"https:\/\/moirai.si\/hr\/wp-json\/wp\/v2\/product\/16265","targetHints":{"allow":["GET"]}}],"collection":[{"href":"https:\/\/moirai.si\/hr\/wp-json\/wp\/v2\/product"}],"about":[{"href":"https:\/\/moirai.si\/hr\/wp-json\/wp\/v2\/types\/product"}],"wp:featuredmedia":[{"embeddable":true,"href":"https:\/\/moirai.si\/hr\/wp-json\/wp\/v2\/media\/16266"}],"wp:attachment":[{"href":"https:\/\/moirai.si\/hr\/wp-json\/wp\/v2\/media?parent=16265"}],"wp:term":[{"taxonomy":"product_brand","embeddable":true,"href":"https:\/\/moirai.si\/hr\/wp-json\/wp\/v2\/product_brand?post=16265"},{"taxonomy":"product_cat","embeddable":true,"href":"https:\/\/moirai.si\/hr\/wp-json\/wp\/v2\/product_cat?post=16265"},{"taxonomy":"product_tag","embeddable":true,"href":"https:\/\/moirai.si\/hr\/wp-json\/wp\/v2\/product_tag?post=16265"}],"curies":[{"name":"wp","href":"https:\/\/api.w.org\/{rel}","templated":true}]}}