{"id":16271,"date":"2020-04-24T11:08:13","date_gmt":"2020-04-24T11:08:13","guid":{"rendered":"https:\/\/moirai.si\/?post_type=product&#038;p=16271"},"modified":"2025-01-13T14:57:24","modified_gmt":"2025-01-13T14:57:24","slug":"macrame-oniks-3","status":"publish","type":"product","link":"https:\/\/moirai.si\/hr\/izdelek\/macrame-oniks-3\/","title":{"rendered":"Macrame Oniks"},"content":{"rendered":"<p>Narukvica Oniks.<\/p>\n<p>Vi\u0161e informacija: <a href=\"https:\/\/moirai.si\/hr\/oniks\/\" target=\"_blank\" rel=\"noopener noreferrer\">Oniks<\/a>  <\/p>\n<p>MATERIJAL: Oniks<br \/>\nDU\u017dINA: podesiva od 16-25 cm<br \/>\nTE\u017dA:\t11.1 g<br \/>\nVELI\u010cINA KAMENA: 6-8 mm<\/p>","protected":false},"excerpt":{"rendered":"<p>Unisex zapestnica kolekcije Macrame, ki je narejena iz Oniksa. Zapestnica je prilagodljiva in enostavna za no\u0161enje. Ve\u010d informacij: Oniks MATERIAL: Oniks DOL\u017dINA: prilagodljiva od 16-25 cm TE\u017dA: 11.1 g VELIKOST KAMNOV: 6-8 mm<\/p>","protected":false},"featured_media":16272,"template":"","meta":[],"product_brand":[],"product_cat":[820,212,821,822,823,1137,62],"product_tag":[206],"class_list":{"0":"post-16271","1":"product","2":"type-product","3":"status-publish","4":"has-post-thumbnail","6":"product_cat-do-18cm","7":"product_cat-macrame-2","8":"product_cat-od-18-do-19cm","9":"product_cat-od-19-do-20cm","10":"product_cat-od-20cm","11":"product_cat-ogled-vseh-zapestnice-2","12":"product_cat-oniks","13":"product_tag-oniks","15":"first","16":"instock","17":"shipping-taxable","18":"purchasable","19":"product-type-simple"},"_links":{"self":[{"href":"https:\/\/moirai.si\/hr\/wp-json\/wp\/v2\/product\/16271","targetHints":{"allow":["GET"]}}],"collection":[{"href":"https:\/\/moirai.si\/hr\/wp-json\/wp\/v2\/product"}],"about":[{"href":"https:\/\/moirai.si\/hr\/wp-json\/wp\/v2\/types\/product"}],"wp:featuredmedia":[{"embeddable":true,"href":"https:\/\/moirai.si\/hr\/wp-json\/wp\/v2\/media\/16272"}],"wp:attachment":[{"href":"https:\/\/moirai.si\/hr\/wp-json\/wp\/v2\/media?parent=16271"}],"wp:term":[{"taxonomy":"product_brand","embeddable":true,"href":"https:\/\/moirai.si\/hr\/wp-json\/wp\/v2\/product_brand?post=16271"},{"taxonomy":"product_cat","embeddable":true,"href":"https:\/\/moirai.si\/hr\/wp-json\/wp\/v2\/product_cat?post=16271"},{"taxonomy":"product_tag","embeddable":true,"href":"https:\/\/moirai.si\/hr\/wp-json\/wp\/v2\/product_tag?post=16271"}],"curies":[{"name":"wp","href":"https:\/\/api.w.org\/{rel}","templated":true}]}}