{"id":16277,"date":"2020-04-24T11:13:29","date_gmt":"2020-04-24T11:13:29","guid":{"rendered":"https:\/\/moirai.si\/?post_type=product&#038;p=16277"},"modified":"2025-12-22T13:12:42","modified_gmt":"2025-12-22T13:12:42","slug":"makrame-ahat-3","status":"publish","type":"product","link":"https:\/\/moirai.si\/hr\/izdelek\/macrame-ahat-3\/","title":{"rendered":"Macrame Ahat"},"content":{"rendered":"<p>Unisex narukvica iz Macrame kolekcije koja je izra\u0111ena od Ahata. Narukvica je fleksibilna i laka za no\u0161enje.  <\/p>\n<p>Vi\u0161e informacija: <a href=\"https:\/\/moirai.si\/hr\/ahat\/\" target=\"_blank\" rel=\"noopener noreferrer\">Ahat<\/a><\/p>\n<p>MATERIJAL: Fasetirani ahat (Bocvana)<br \/>\nDU\u017dINA: podesiva od 16-25 cm<br \/>\nTE\u017dINA: 10,3 g<br \/>\nVELI\u010cINA KAMENA: 6-8 mm<\/p>","protected":false},"excerpt":{"rendered":"<p>Unisex zapestnica kolekcije Macrame, ki je narejena iz Ahata. Zapestnica je prilagodljiva in enostavna za no\u0161enje. Ve\u010d informacij: Ahat MATERIAL: fasetiran Ahat (Botsvana) DOL\u017dINA: prilagodljiva od 16-25 cm TE\u017dA: 10.3 g VELIKOST KAMNOV: 6-8 mm<\/p>","protected":false},"featured_media":26119,"template":"","meta":[],"product_brand":[],"product_cat":[30,820,212,821,822,823,1137],"product_tag":[917],"class_list":{"0":"post-16277","1":"product","2":"type-product","3":"status-publish","4":"has-post-thumbnail","6":"product_cat-ahat","7":"product_cat-do-18cm","8":"product_cat-macrame-2","9":"product_cat-od-18-do-19cm","10":"product_cat-od-19-do-20cm","11":"product_cat-od-20cm","12":"product_cat-ogled-vseh-zapestnice-2","13":"product_tag-fasetiran-ahat-botsvana","15":"first","16":"instock","17":"shipping-taxable","18":"purchasable","19":"product-type-simple"},"_links":{"self":[{"href":"https:\/\/moirai.si\/hr\/wp-json\/wp\/v2\/product\/16277","targetHints":{"allow":["GET"]}}],"collection":[{"href":"https:\/\/moirai.si\/hr\/wp-json\/wp\/v2\/product"}],"about":[{"href":"https:\/\/moirai.si\/hr\/wp-json\/wp\/v2\/types\/product"}],"wp:featuredmedia":[{"embeddable":true,"href":"https:\/\/moirai.si\/hr\/wp-json\/wp\/v2\/media\/26119"}],"wp:attachment":[{"href":"https:\/\/moirai.si\/hr\/wp-json\/wp\/v2\/media?parent=16277"}],"wp:term":[{"taxonomy":"product_brand","embeddable":true,"href":"https:\/\/moirai.si\/hr\/wp-json\/wp\/v2\/product_brand?post=16277"},{"taxonomy":"product_cat","embeddable":true,"href":"https:\/\/moirai.si\/hr\/wp-json\/wp\/v2\/product_cat?post=16277"},{"taxonomy":"product_tag","embeddable":true,"href":"https:\/\/moirai.si\/hr\/wp-json\/wp\/v2\/product_tag?post=16277"}],"curies":[{"name":"wp","href":"https:\/\/api.w.org\/{rel}","templated":true}]}}