{"id":16300,"date":"2020-04-24T13:38:00","date_gmt":"2020-04-24T13:38:00","guid":{"rendered":"https:\/\/moirai.si\/?post_type=product&#038;p=16300"},"modified":"2025-01-13T14:56:14","modified_gmt":"2025-01-13T14:56:14","slug":"makrame-djecja-mjesavina-7","status":"publish","type":"product","link":"https:\/\/moirai.si\/hr\/izdelek\/macrame-otroski-mix-7\/","title":{"rendered":"Macrame dje\u010dji Mix"},"content":{"rendered":"<p>Unisex narukvica iz Macrame kolekcije za na\u0161e najmla\u0111e koja je izra\u0111ena od razli\u010ditih kamen\u010di\u0107a.<\/p>\n<p>MATERIJAL: crveni gljivasti koralj, karneol<br \/>\nDU\u017dINA: podesiva od 12-22 cm<br \/>\nTE\u017dINA: 4g<br \/>\nVELI\u010cINA KAMENA: 6 mm<\/p>","protected":false},"excerpt":{"rendered":"<p>Unisex narukvica iz Macrame kolekcije za na\u0161e najmla\u0111e koja je izra\u0111ena od razli\u010ditih kamen\u010di\u0107a.<\/p>","protected":false},"featured_media":16301,"template":"","meta":[],"product_brand":[],"product_cat":[820,52,48,212,821,822,823,1137],"product_tag":[198,398],"class_list":{"0":"post-16300","1":"product","2":"type-product","3":"status-publish","4":"has-post-thumbnail","6":"product_cat-do-18cm","7":"product_cat-gobasta-korala","8":"product_cat-karneol","9":"product_cat-macrame-2","10":"product_cat-od-18-do-19cm","11":"product_cat-od-19-do-20cm","12":"product_cat-od-20cm","13":"product_cat-ogled-vseh-zapestnice-2","14":"product_tag-karneol","15":"product_tag-rdeca-gobasta-korala","17":"first","18":"instock","19":"shipping-taxable","20":"purchasable","21":"product-type-simple"},"_links":{"self":[{"href":"https:\/\/moirai.si\/hr\/wp-json\/wp\/v2\/product\/16300","targetHints":{"allow":["GET"]}}],"collection":[{"href":"https:\/\/moirai.si\/hr\/wp-json\/wp\/v2\/product"}],"about":[{"href":"https:\/\/moirai.si\/hr\/wp-json\/wp\/v2\/types\/product"}],"wp:featuredmedia":[{"embeddable":true,"href":"https:\/\/moirai.si\/hr\/wp-json\/wp\/v2\/media\/16301"}],"wp:attachment":[{"href":"https:\/\/moirai.si\/hr\/wp-json\/wp\/v2\/media?parent=16300"}],"wp:term":[{"taxonomy":"product_brand","embeddable":true,"href":"https:\/\/moirai.si\/hr\/wp-json\/wp\/v2\/product_brand?post=16300"},{"taxonomy":"product_cat","embeddable":true,"href":"https:\/\/moirai.si\/hr\/wp-json\/wp\/v2\/product_cat?post=16300"},{"taxonomy":"product_tag","embeddable":true,"href":"https:\/\/moirai.si\/hr\/wp-json\/wp\/v2\/product_tag?post=16300"}],"curies":[{"name":"wp","href":"https:\/\/api.w.org\/{rel}","templated":true}]}}