{"id":16310,"date":"2020-04-24T13:48:02","date_gmt":"2020-04-24T13:48:02","guid":{"rendered":"https:\/\/moirai.si\/?post_type=product&#038;p=16310"},"modified":"2025-01-13T14:55:58","modified_gmt":"2025-01-13T14:55:58","slug":"macrame-otroski-mix-12","status":"publish","type":"product","link":"https:\/\/moirai.si\/hr\/izdelek\/macrame-otroski-mix-12\/","title":{"rendered":"Macrame dje\u010dji Mix"},"content":{"rendered":"<p>Unisex narukvica iz Macrame kolekcije za na\u0161e najmla\u0111e koja je izra\u0111ena od razli\u010ditih kamen\u010di\u0107a.<\/p>\n<p>MATERIAL: Tigrovo Oko, Kalcedon, Zemljani Jaspis, crveni gljivasti koralj, Karneol<br \/>\nDU\u017dINA: podesiva od 12-22 cm<br \/>\nTE\u017dINA: 4,3g<br \/>\nVELI\u010cINA KAMENA: 6 mm<\/p>","protected":false},"excerpt":{"rendered":"<p>Unisex narukvica iz Macrame kolekcije za na\u0161e najmla\u0111e koja je izra\u0111ena od razli\u010ditih kamen\u010di\u0107a.<\/p>","protected":false},"featured_media":16311,"template":"","meta":[],"product_brand":[],"product_cat":[820,52,47,439,48,212,821,822,823,1137,81],"product_tag":[396,198,516,398,199],"class_list":{"0":"post-16310","1":"product","2":"type-product","3":"status-publish","4":"has-post-thumbnail","6":"product_cat-do-18cm","7":"product_cat-gobasta-korala","8":"product_cat-jaspis","9":"product_cat-kalcedon","10":"product_cat-karneol","11":"product_cat-macrame-2","12":"product_cat-od-18-do-19cm","13":"product_cat-od-19-do-20cm","14":"product_cat-od-20cm","15":"product_cat-ogled-vseh-zapestnice-2","16":"product_cat-tigrovo-oko","17":"product_tag-kalcedon","18":"product_tag-karneol","19":"product_tag-pokrajinski-jaspis","20":"product_tag-rdeca-gobasta-korala","21":"product_tag-tigrovo-oko","23":"first","24":"instock","25":"shipping-taxable","26":"purchasable","27":"product-type-simple"},"_links":{"self":[{"href":"https:\/\/moirai.si\/hr\/wp-json\/wp\/v2\/product\/16310","targetHints":{"allow":["GET"]}}],"collection":[{"href":"https:\/\/moirai.si\/hr\/wp-json\/wp\/v2\/product"}],"about":[{"href":"https:\/\/moirai.si\/hr\/wp-json\/wp\/v2\/types\/product"}],"wp:featuredmedia":[{"embeddable":true,"href":"https:\/\/moirai.si\/hr\/wp-json\/wp\/v2\/media\/16311"}],"wp:attachment":[{"href":"https:\/\/moirai.si\/hr\/wp-json\/wp\/v2\/media?parent=16310"}],"wp:term":[{"taxonomy":"product_brand","embeddable":true,"href":"https:\/\/moirai.si\/hr\/wp-json\/wp\/v2\/product_brand?post=16310"},{"taxonomy":"product_cat","embeddable":true,"href":"https:\/\/moirai.si\/hr\/wp-json\/wp\/v2\/product_cat?post=16310"},{"taxonomy":"product_tag","embeddable":true,"href":"https:\/\/moirai.si\/hr\/wp-json\/wp\/v2\/product_tag?post=16310"}],"curies":[{"name":"wp","href":"https:\/\/api.w.org\/{rel}","templated":true}]}}