{"id":16346,"date":"2020-05-05T13:01:33","date_gmt":"2020-05-05T13:01:33","guid":{"rendered":"https:\/\/moirai.si\/?post_type=product&#038;p=16346"},"modified":"2025-03-27T13:16:07","modified_gmt":"2025-03-27T13:16:07","slug":"kozni-lanac-42-cm-srebro-925-presvuceno-rodijem","status":"publish","type":"product","link":"https:\/\/moirai.si\/hr\/izdelek\/verizica-usnje-42-cm-rodinirano-srebro-925\/","title":{"rendered":"Ko\u017eni lanac 42 cm Rodinirano srebro 925"},"content":{"rendered":"<p>Crni ko\u017eni lan\u010di\u0107 i srebro 925 s rodijem.<\/p>\n<p>MATERIJAL: crni san, srebro 925 s rodijem<br \/>\nTE\u017dINA: cca. 2 g<br \/>\nDU\u017dINA: 42 cm<br \/>\n\u0160IRINA: 2 mm<br \/>\nVELI\u010cINA KOP\u010cE: 9 mm<\/p>","protected":false},"excerpt":{"rendered":"<p>\u010crna usnjena veri\u017eica in rodinirano srebro 925. MATERIAL: \u010drno snje, rodinirano srebro 925 TE\u017dA: cca 2g DOL\u017dINA: 42 cm \u0160IRINA: 2 mm VELIKOST ZAPONKE: 9 mm<\/p>","protected":false},"featured_media":23956,"template":"","meta":[],"product_brand":[],"product_cat":[814,815,1136,911],"product_tag":[918,637],"class_list":{"0":"post-16346","1":"product","2":"type-product","3":"status-publish","4":"has-post-thumbnail","6":"product_cat-do-42cm","7":"product_cat-od-42-do-45cm","8":"product_cat-ogled-vseh","9":"product_cat-verizice-in-vrvice","10":"product_tag-crno-snje","11":"product_tag-rodinirano-srebro-925","13":"first","14":"instock","15":"shipping-taxable","16":"purchasable","17":"product-type-simple"},"_links":{"self":[{"href":"https:\/\/moirai.si\/hr\/wp-json\/wp\/v2\/product\/16346","targetHints":{"allow":["GET"]}}],"collection":[{"href":"https:\/\/moirai.si\/hr\/wp-json\/wp\/v2\/product"}],"about":[{"href":"https:\/\/moirai.si\/hr\/wp-json\/wp\/v2\/types\/product"}],"wp:featuredmedia":[{"embeddable":true,"href":"https:\/\/moirai.si\/hr\/wp-json\/wp\/v2\/media\/23956"}],"wp:attachment":[{"href":"https:\/\/moirai.si\/hr\/wp-json\/wp\/v2\/media?parent=16346"}],"wp:term":[{"taxonomy":"product_brand","embeddable":true,"href":"https:\/\/moirai.si\/hr\/wp-json\/wp\/v2\/product_brand?post=16346"},{"taxonomy":"product_cat","embeddable":true,"href":"https:\/\/moirai.si\/hr\/wp-json\/wp\/v2\/product_cat?post=16346"},{"taxonomy":"product_tag","embeddable":true,"href":"https:\/\/moirai.si\/hr\/wp-json\/wp\/v2\/product_tag?post=16346"}],"curies":[{"name":"wp","href":"https:\/\/api.w.org\/{rel}","templated":true}]}}