{"id":16349,"date":"2020-05-05T13:17:55","date_gmt":"2020-05-05T13:17:55","guid":{"rendered":"https:\/\/moirai.si\/?post_type=product&#038;p=16349"},"modified":"2026-01-29T06:47:57","modified_gmt":"2026-01-29T06:47:57","slug":"verizica-usnje-50-cm-rodinirano-srebro-925","status":"publish","type":"product","link":"https:\/\/moirai.si\/hr\/izdelek\/verizica-usnje-50-cm-rodinirano-srebro-925\/","title":{"rendered":"Ko\u017eni lan\u010di\u0107 50 cm srebro presvu\u010deno rodijom 925"},"content":{"rendered":"<p>Crni ko\u017eni lan\u010di\u0107 i srebro 925 s rodijem.<\/p>\n<p>MATERIJAL: crni san, srebro 925 s rodijem<br \/>\nTE\u017dA: cca 2.5g<br \/>\nDU\u017dINA: 50 cm<br \/>\n\u0160IRINA: 2 mm<br \/>\nVELI\u010cINA KOP\u010cE: 9 mm<\/p>","protected":false},"excerpt":{"rendered":"<p>\u010crna usnjena veri\u017eica in rodinirano srebro 925. MATERIAL: \u010drno snje, rodinirano srebro 925 TE\u017dA: cca 2.5g DOL\u017dINA: 50 cm \u0160IRINA: 2 mm VELIKOST ZAPONKE: 9 mm<\/p>","protected":false},"featured_media":23956,"template":"","meta":[],"product_brand":[],"product_cat":[816,817,1136,911],"product_tag":[918,637],"class_list":{"0":"post-16349","1":"product","2":"type-product","3":"status-publish","4":"has-post-thumbnail","6":"product_cat-od-45-do-50cm","7":"product_cat-od-50-do-60cm","8":"product_cat-ogled-vseh","9":"product_cat-verizice-in-vrvice","10":"product_tag-crno-snje","11":"product_tag-rodinirano-srebro-925","13":"first","14":"instock","15":"shipping-taxable","16":"purchasable","17":"product-type-simple"},"_links":{"self":[{"href":"https:\/\/moirai.si\/hr\/wp-json\/wp\/v2\/product\/16349","targetHints":{"allow":["GET"]}}],"collection":[{"href":"https:\/\/moirai.si\/hr\/wp-json\/wp\/v2\/product"}],"about":[{"href":"https:\/\/moirai.si\/hr\/wp-json\/wp\/v2\/types\/product"}],"wp:featuredmedia":[{"embeddable":true,"href":"https:\/\/moirai.si\/hr\/wp-json\/wp\/v2\/media\/23956"}],"wp:attachment":[{"href":"https:\/\/moirai.si\/hr\/wp-json\/wp\/v2\/media?parent=16349"}],"wp:term":[{"taxonomy":"product_brand","embeddable":true,"href":"https:\/\/moirai.si\/hr\/wp-json\/wp\/v2\/product_brand?post=16349"},{"taxonomy":"product_cat","embeddable":true,"href":"https:\/\/moirai.si\/hr\/wp-json\/wp\/v2\/product_cat?post=16349"},{"taxonomy":"product_tag","embeddable":true,"href":"https:\/\/moirai.si\/hr\/wp-json\/wp\/v2\/product_tag?post=16349"}],"curies":[{"name":"wp","href":"https:\/\/api.w.org\/{rel}","templated":true}]}}