{"id":16350,"date":"2020-05-05T13:23:50","date_gmt":"2020-05-05T13:23:50","guid":{"rendered":"https:\/\/moirai.si\/?post_type=product&#038;p=16350"},"modified":"2025-03-27T13:15:43","modified_gmt":"2025-03-27T13:15:43","slug":"verizica-usnje-55-cm-rodinirano-srebro-925","status":"publish","type":"product","link":"https:\/\/moirai.si\/hr\/izdelek\/verizica-usnje-55-cm-rodinirano-srebro-925\/","title":{"rendered":"Ko\u017eni lanac 55 cm Rodinirano srebro 925"},"content":{"rendered":"<p>Crni ko\u017eni lan\u010di\u0107 i srebro 925 s rodijem.<\/p>\n<p>MATERIJAL: crni san, srebro 925 s rodijem<br \/>\nTE\u017dA: cca 2.7g<br \/>\nDU\u017dINA: 55 cm<br \/>\n\u0160IRINA: 2 mm<br \/>\nVELI\u010cINA KOP\u010cE: 9 mm<\/p>","protected":false},"excerpt":{"rendered":"<p>\u010crna usnjena veri\u017eica in rodinirano srebro 925. MATERIAL: \u010drno snje, rodinirano srebro 925 TE\u017dA: cca 2.7g DOL\u017dINA: 55 cm \u0160IRINA: 2 mm VELIKOST ZAPONKE: 9 mm<\/p>","protected":false},"featured_media":23956,"template":"","meta":[],"product_brand":[],"product_cat":[817,1136,911],"product_tag":[918,637],"class_list":{"0":"post-16350","1":"product","2":"type-product","3":"status-publish","4":"has-post-thumbnail","6":"product_cat-od-50-do-60cm","7":"product_cat-ogled-vseh","8":"product_cat-verizice-in-vrvice","9":"product_tag-crno-snje","10":"product_tag-rodinirano-srebro-925","12":"first","13":"instock","14":"shipping-taxable","15":"purchasable","16":"product-type-simple"},"_links":{"self":[{"href":"https:\/\/moirai.si\/hr\/wp-json\/wp\/v2\/product\/16350","targetHints":{"allow":["GET"]}}],"collection":[{"href":"https:\/\/moirai.si\/hr\/wp-json\/wp\/v2\/product"}],"about":[{"href":"https:\/\/moirai.si\/hr\/wp-json\/wp\/v2\/types\/product"}],"wp:featuredmedia":[{"embeddable":true,"href":"https:\/\/moirai.si\/hr\/wp-json\/wp\/v2\/media\/23956"}],"wp:attachment":[{"href":"https:\/\/moirai.si\/hr\/wp-json\/wp\/v2\/media?parent=16350"}],"wp:term":[{"taxonomy":"product_brand","embeddable":true,"href":"https:\/\/moirai.si\/hr\/wp-json\/wp\/v2\/product_brand?post=16350"},{"taxonomy":"product_cat","embeddable":true,"href":"https:\/\/moirai.si\/hr\/wp-json\/wp\/v2\/product_cat?post=16350"},{"taxonomy":"product_tag","embeddable":true,"href":"https:\/\/moirai.si\/hr\/wp-json\/wp\/v2\/product_tag?post=16350"}],"curies":[{"name":"wp","href":"https:\/\/api.w.org\/{rel}","templated":true}]}}