{"id":16402,"date":"2020-05-27T10:10:57","date_gmt":"2020-05-27T10:10:57","guid":{"rendered":"https:\/\/moirai.si\/?post_type=product&#038;p=16402"},"modified":"2026-03-26T12:41:22","modified_gmt":"2026-03-26T12:41:22","slug":"heliotrop-indija-s","status":"publish","type":"product","link":"https:\/\/moirai.si\/hr\/izdelek\/heliotrop-indija-s\/","title":{"rendered":"Heliotrop (Indija) S"},"content":{"rendered":"<p>Prekrasan komad poliranog heliotropa (Indija), pogodan kao ljekoviti kamen za ruke ili kao poklon za va\u0161e voljene. Slika je simboli\u010dna. Mogu\u0107a su manja odstupanja u boji, te\u017eini i obliku.<\/p>\n<p>Vi\u0161e informacija: <a href=\"https:\/\/moirai.si\/hr\/heliotrop\/\" target=\"_blank\" rel=\"noopener noreferrer\">Heliotrop<\/a><\/p>\n<p>MATERIJAL: Heliotrop<br \/>\nDIMENZIJE: 2-4 cm<br \/>\nTE\u017dINA: 5-15 g<\/p>","protected":false},"excerpt":{"rendered":"<p>\u010cudovit kos spoliranega Heliotropa (Indija), primeren kot zdravilni ro\u010dni kamen ali kot darilo za va\u0161e najbli\u017enje. Slika je simboli\u010dna. Mo\u017ena so manj\u0161a odstopanja v barvi, te\u017ei in obliki. Ve\u010d informacij: Heliotrop MATERIAL: Heliotrop DIMENZIJE: 2-4 cm TE\u017dA: 5-15 g<\/p>","protected":false},"featured_media":19092,"template":"","meta":[],"product_brand":[],"product_cat":[518,753],"product_tag":[486],"class_list":{"0":"post-16402","1":"product","2":"type-product","3":"status-publish","4":"has-post-thumbnail","6":"product_cat-heliotrop","7":"product_cat-rocni-kamni","8":"product_tag-heliotrop","10":"first","11":"instock","12":"shipping-taxable","13":"purchasable","14":"product-type-simple"},"_links":{"self":[{"href":"https:\/\/moirai.si\/hr\/wp-json\/wp\/v2\/product\/16402","targetHints":{"allow":["GET"]}}],"collection":[{"href":"https:\/\/moirai.si\/hr\/wp-json\/wp\/v2\/product"}],"about":[{"href":"https:\/\/moirai.si\/hr\/wp-json\/wp\/v2\/types\/product"}],"wp:featuredmedia":[{"embeddable":true,"href":"https:\/\/moirai.si\/hr\/wp-json\/wp\/v2\/media\/19092"}],"wp:attachment":[{"href":"https:\/\/moirai.si\/hr\/wp-json\/wp\/v2\/media?parent=16402"}],"wp:term":[{"taxonomy":"product_brand","embeddable":true,"href":"https:\/\/moirai.si\/hr\/wp-json\/wp\/v2\/product_brand?post=16402"},{"taxonomy":"product_cat","embeddable":true,"href":"https:\/\/moirai.si\/hr\/wp-json\/wp\/v2\/product_cat?post=16402"},{"taxonomy":"product_tag","embeddable":true,"href":"https:\/\/moirai.si\/hr\/wp-json\/wp\/v2\/product_tag?post=16402"}],"curies":[{"name":"wp","href":"https:\/\/api.w.org\/{rel}","templated":true}]}}