{"id":16553,"date":"2020-07-30T09:31:58","date_gmt":"2020-07-30T09:31:58","guid":{"rendered":"https:\/\/moirai.si\/?post_type=product&#038;p=16553"},"modified":"2025-01-03T10:22:43","modified_gmt":"2025-01-03T10:22:43","slug":"versy-mokait-7","status":"publish","type":"product","link":"https:\/\/moirai.si\/hr\/izdelek\/versy-mokait-7\/","title":{"rendered":"Versy Mokait"},"content":{"rendered":"<p>Unikaten obesek kolekcije Versy iz Mokaita na \u010drnem usnjenem traku s prilagodljivo dol\u017eino (poteg vozla gor oz. dol). Ogrlica je unisex in je primerna za otroke in odrasle. <\/p>\n<p>Vi\u0161e informacija: <a href=\"https:\/\/moirai.si\/hr\/mokait\/\" target=\"_blank\" rel=\"noopener noreferrer\">Mokait<\/a><\/p>\n<p>MATERIAL: Mokait, \u010drno usnje<br \/>\nDU\u017dINA: podesiva (38-77 cm)<br \/>\nTE\u017dINA: 10,7 g<br \/>\nVELIKOST KAMNA: 2.2-2.8 cm<br \/>\nDEBLJINA KAMENA: 0,9 cm<\/p>","protected":false},"excerpt":{"rendered":"<p>Unikaten obesek kolekcije Versy iz Mokaita na \u010drnem usnjenem traku s prilagodljivo dol\u017eino (poteg vozla gor oz. dol). Ogrlica je unisex in je primerna za otroke in odrasle. Ve\u010d informacij: Mokait MATERIAL: Mokait, \u010drno usnje DOL\u017dINA: prilagodljiva (38-77 cm) TE\u017dA: 10.7 g VELIKOST KAMNA: 2.2-2.8 cm DEBELINA KAMNA: 0.9 cm<\/p>","protected":false},"featured_media":16554,"template":"","meta":[],"product_brand":[],"product_cat":[521,92,309],"product_tag":[648,491],"class_list":{"0":"post-16553","1":"product","2":"type-product","3":"status-publish","4":"has-post-thumbnail","6":"product_cat-mokait","7":"product_cat-obeski-in-usnje","8":"product_cat-versy","9":"product_tag-crno-usnje","10":"product_tag-mokait","12":"first","13":"instock","14":"shipping-taxable","15":"purchasable","16":"product-type-simple"},"_links":{"self":[{"href":"https:\/\/moirai.si\/hr\/wp-json\/wp\/v2\/product\/16553","targetHints":{"allow":["GET"]}}],"collection":[{"href":"https:\/\/moirai.si\/hr\/wp-json\/wp\/v2\/product"}],"about":[{"href":"https:\/\/moirai.si\/hr\/wp-json\/wp\/v2\/types\/product"}],"wp:featuredmedia":[{"embeddable":true,"href":"https:\/\/moirai.si\/hr\/wp-json\/wp\/v2\/media\/16554"}],"wp:attachment":[{"href":"https:\/\/moirai.si\/hr\/wp-json\/wp\/v2\/media?parent=16553"}],"wp:term":[{"taxonomy":"product_brand","embeddable":true,"href":"https:\/\/moirai.si\/hr\/wp-json\/wp\/v2\/product_brand?post=16553"},{"taxonomy":"product_cat","embeddable":true,"href":"https:\/\/moirai.si\/hr\/wp-json\/wp\/v2\/product_cat?post=16553"},{"taxonomy":"product_tag","embeddable":true,"href":"https:\/\/moirai.si\/hr\/wp-json\/wp\/v2\/product_tag?post=16553"}],"curies":[{"name":"wp","href":"https:\/\/api.w.org\/{rel}","templated":true}]}}