{"id":16802,"date":"2020-08-08T08:23:53","date_gmt":"2020-08-08T08:23:53","guid":{"rendered":"https:\/\/moirai.si\/?post_type=product&#038;p=16802"},"modified":"2025-08-19T20:11:32","modified_gmt":"2025-08-19T20:11:32","slug":"agatni-stih-18","status":"publish","type":"product","link":"https:\/\/moirai.si\/hr\/izdelek\/versy-ahat-18\/","title":{"rendered":"Versy Ahat"},"content":{"rendered":"<p>Unikatan privjesak kolekcije Versy Ahat na crni ko\u017ei podesive duljine (povucite \u010dvor gore ili dolje). Ogrlica je unisex i pogodna je za djecu i odrasle. <\/p>\n<p>Vi\u0161e informacija: <a href=\"https:\/\/moirai.si\/hr\/ahat\/\" target=\"_blank\" rel=\"noopener noreferrer\">Ahat<\/a><\/p>\n<p>MATERIJAL: Ahat, crna ko\u017ea<br \/>\nDU\u017dINA: podesiva (38-77 cm)<br \/>\nTE\u017dINA: 23,4 g<br \/>\nVELI\u010cINA KAMENA: 4,2-7,6 cm<br \/>\nDEBLJINA KAMENA: 0,4 mm<\/p>","protected":false},"excerpt":{"rendered":"<p>Unikaten obesek kolekcije Versy iz Ahata na \u010drnem usnjenem traku s prilagodljivo dol\u017eino (poteg vozla gor oz. dol). Ogrlica je unisex in je primerna za otroke in odrasle. Ve\u010d informacij: Ahat MATERIAL: Ahat, \u010drno usnje DOL\u017dINA: prilagodljiva (38-77 cm) TE\u017dA: 23.4 g VELIKOST KAMNA: 4.2-7.6 cm DEBELINA KAMNA: 0.4mm<\/p>","protected":false},"featured_media":18805,"template":"","meta":[],"product_brand":[],"product_cat":[30,92,309],"product_tag":[277,648],"class_list":{"0":"post-16802","1":"product","2":"type-product","3":"status-publish","4":"has-post-thumbnail","6":"product_cat-ahat","7":"product_cat-obeski-in-usnje","8":"product_cat-versy","9":"product_tag-ahat","10":"product_tag-crno-usnje","12":"first","13":"instock","14":"shipping-taxable","15":"purchasable","16":"product-type-simple"},"_links":{"self":[{"href":"https:\/\/moirai.si\/hr\/wp-json\/wp\/v2\/product\/16802","targetHints":{"allow":["GET"]}}],"collection":[{"href":"https:\/\/moirai.si\/hr\/wp-json\/wp\/v2\/product"}],"about":[{"href":"https:\/\/moirai.si\/hr\/wp-json\/wp\/v2\/types\/product"}],"wp:featuredmedia":[{"embeddable":true,"href":"https:\/\/moirai.si\/hr\/wp-json\/wp\/v2\/media\/18805"}],"wp:attachment":[{"href":"https:\/\/moirai.si\/hr\/wp-json\/wp\/v2\/media?parent=16802"}],"wp:term":[{"taxonomy":"product_brand","embeddable":true,"href":"https:\/\/moirai.si\/hr\/wp-json\/wp\/v2\/product_brand?post=16802"},{"taxonomy":"product_cat","embeddable":true,"href":"https:\/\/moirai.si\/hr\/wp-json\/wp\/v2\/product_cat?post=16802"},{"taxonomy":"product_tag","embeddable":true,"href":"https:\/\/moirai.si\/hr\/wp-json\/wp\/v2\/product_tag?post=16802"}],"curies":[{"name":"wp","href":"https:\/\/api.w.org\/{rel}","templated":true}]}}