{"id":16927,"date":"2020-08-17T12:20:41","date_gmt":"2020-08-17T12:20:41","guid":{"rendered":"https:\/\/moirai.si\/?post_type=product&#038;p=16927"},"modified":"2025-11-11T13:43:39","modified_gmt":"2025-11-11T13:43:39","slug":"karneol-bocvana-l","status":"publish","type":"product","link":"https:\/\/moirai.si\/hr\/izdelek\/karneol-botswana-l\/","title":{"rendered":"Bocvana karneol L"},"content":{"rendered":"<p>Prekrasan komad poliranog karneola, pogodan kao ljekoviti kamen za ruke ili kao poklon za va\u0161e voljene. Slika je simboli\u010dna. Mogu\u0107a su manja odstupanja u boji, te\u017eini i obliku.<\/p>\n<p>Vi\u0161e informacija: <a href=\"https:\/\/moirai.si\/hr\/karneol\/\" target=\"_blank\" rel=\"noopener noreferrer\">Karneol<\/a><\/p>\n<p>MATERIJAL: Karneol (Bocvana)<br \/>\nDIMENZIJE: 2-4 cm<br \/>\nTE\u017dINA: 20-30 g<\/p>","protected":false},"excerpt":{"rendered":"<p>\u010cudovit kos spoliranega Karneola, primeren kot zdravilni ro\u010dni kamen ali kot darilo za va\u0161e najbli\u017enje. Slika je simboli\u010dna. Mo\u017ena so manj\u0161a odstopanja v barvi, te\u017ei in obliki. Ve\u010d informacij: Karneol MATERIAL: Karneol (Botswana) DIMENZIJE: 2-4 cm TE\u017dA: 20-30 g<\/p>","protected":false},"featured_media":19109,"template":"","meta":[],"product_brand":[],"product_cat":[48,753],"product_tag":[921],"class_list":{"0":"post-16927","1":"product","2":"type-product","3":"status-publish","4":"has-post-thumbnail","6":"product_cat-karneol","7":"product_cat-rocni-kamni","8":"product_tag-karneol-botswana","10":"first","11":"instock","12":"shipping-taxable","13":"purchasable","14":"product-type-simple"},"_links":{"self":[{"href":"https:\/\/moirai.si\/hr\/wp-json\/wp\/v2\/product\/16927","targetHints":{"allow":["GET"]}}],"collection":[{"href":"https:\/\/moirai.si\/hr\/wp-json\/wp\/v2\/product"}],"about":[{"href":"https:\/\/moirai.si\/hr\/wp-json\/wp\/v2\/types\/product"}],"wp:featuredmedia":[{"embeddable":true,"href":"https:\/\/moirai.si\/hr\/wp-json\/wp\/v2\/media\/19109"}],"wp:attachment":[{"href":"https:\/\/moirai.si\/hr\/wp-json\/wp\/v2\/media?parent=16927"}],"wp:term":[{"taxonomy":"product_brand","embeddable":true,"href":"https:\/\/moirai.si\/hr\/wp-json\/wp\/v2\/product_brand?post=16927"},{"taxonomy":"product_cat","embeddable":true,"href":"https:\/\/moirai.si\/hr\/wp-json\/wp\/v2\/product_cat?post=16927"},{"taxonomy":"product_tag","embeddable":true,"href":"https:\/\/moirai.si\/hr\/wp-json\/wp\/v2\/product_tag?post=16927"}],"curies":[{"name":"wp","href":"https:\/\/api.w.org\/{rel}","templated":true}]}}