{"id":17098,"date":"2020-09-01T14:54:53","date_gmt":"2020-09-01T14:54:53","guid":{"rendered":"https:\/\/moirai.si\/?post_type=product&#038;p=17098"},"modified":"2025-05-23T16:15:37","modified_gmt":"2025-05-23T16:15:37","slug":"klasicna-mjesavina-17","status":"publish","type":"product","link":"https:\/\/moirai.si\/hr\/izdelek\/clasic-mix-17\/","title":{"rendered":"Clasic Mix"},"content":{"rendered":"<p>Elegantna narukvica iz kolekcije Clasic, izra\u0111ena od raznih kamenja i srebra 925. <\/p>\n<p>MATERIJAL: Rozenkvarc, Gorski Kristal, srebro 925<br \/>\nDU\u017dINA: 18,5 cm<br \/>\nTE\u017dINA: 15,8 g<br \/>\nVELI\u010cINA KAMENA: 6-8 mm<br \/>\nKOP\u010cA: 9 mm<\/p>","protected":false},"excerpt":{"rendered":"<p>Elegantna zapestnica kolekcije Clasic, ki je narejena iz razli\u010dnih kamnov srebra 925. MATERIAL: Ro\u017eevec, Kamena Strela, Srebro 925 DOL\u017dINA: 18.5 cm TE\u017dA: 15.8 g VELIKOST KAMNOV: 6-8 mm ZAPONKA: 9 mm<\/p>","protected":false},"featured_media":17099,"template":"","meta":[],"product_brand":[],"product_cat":[208,68,821,1137,69],"product_tag":[203,225,371],"class_list":{"0":"post-17098","1":"product","2":"type-product","3":"status-publish","4":"has-post-thumbnail","6":"product_cat-clasic","7":"product_cat-kamena-strela","8":"product_cat-od-18-do-19cm","9":"product_cat-ogled-vseh-zapestnice-2","10":"product_cat-rozevec","11":"product_tag-kamena-strela","12":"product_tag-rozevec","13":"product_tag-srebro-925","15":"first","16":"instock","17":"shipping-taxable","18":"purchasable","19":"product-type-simple"},"_links":{"self":[{"href":"https:\/\/moirai.si\/hr\/wp-json\/wp\/v2\/product\/17098","targetHints":{"allow":["GET"]}}],"collection":[{"href":"https:\/\/moirai.si\/hr\/wp-json\/wp\/v2\/product"}],"about":[{"href":"https:\/\/moirai.si\/hr\/wp-json\/wp\/v2\/types\/product"}],"wp:featuredmedia":[{"embeddable":true,"href":"https:\/\/moirai.si\/hr\/wp-json\/wp\/v2\/media\/17099"}],"wp:attachment":[{"href":"https:\/\/moirai.si\/hr\/wp-json\/wp\/v2\/media?parent=17098"}],"wp:term":[{"taxonomy":"product_brand","embeddable":true,"href":"https:\/\/moirai.si\/hr\/wp-json\/wp\/v2\/product_brand?post=17098"},{"taxonomy":"product_cat","embeddable":true,"href":"https:\/\/moirai.si\/hr\/wp-json\/wp\/v2\/product_cat?post=17098"},{"taxonomy":"product_tag","embeddable":true,"href":"https:\/\/moirai.si\/hr\/wp-json\/wp\/v2\/product_tag?post=17098"}],"curies":[{"name":"wp","href":"https:\/\/api.w.org\/{rel}","templated":true}]}}