{"id":17102,"date":"2020-09-01T15:02:05","date_gmt":"2020-09-01T15:02:05","guid":{"rendered":"https:\/\/moirai.si\/?post_type=product&#038;p=17102"},"modified":"2025-01-13T14:54:12","modified_gmt":"2025-01-13T14:54:12","slug":"clasic-kalcit-oranzni-3","status":"publish","type":"product","link":"https:\/\/moirai.si\/hr\/izdelek\/clasic-kalcit-oranzni-3\/","title":{"rendered":"Clasic Kalcit naran\u010dasti"},"content":{"rendered":"<p>Elegantna narukvica iz kolekcije Clasic, izra\u0111ena od naran\u010dastog kalcita. Narukvica je nanizana na meku, ali \u010dvrstu \u010deli\u010dnu \u017eicu i zavr\u0161ena srebrnim elementima. <\/p>\n<p>Vi\u0161e informacija: <a href=\"https:\/\/moirai.si\/hr\/kalcit\/\" target=\"_blank\" rel=\"noopener noreferrer\">Kalcit<\/a><\/p>\n<p>MATERIJAL: naran\u010dasti kalcit, srebro 925<br \/>\nDULJINA: podesiva 16,5-19 cm<br \/>\nTE\u017dINA: 9.7 g<br \/>\nVELI\u010cINA KAMENA: 6 mm<br \/>\nKOP\u010cA: 9 mm<\/p>","protected":false},"excerpt":{"rendered":"<p>Elegantna zapestnica kolekcije Clasic, ki je narejena iz oran\u017enega Kalcita. Zapestnica je nizana na mehko, vendar mo\u010dno jekleno \u017eico in zaklju\u010dena s srebrnimi elementi. Ve\u010d informacij: Kalcit MATERIAL: oran\u017eni Kalcit, Srebro 925 DOL\u017dINA: prilagodljiva 16,5-19 cm TE\u017dA: 9.7 g VELIKOST KAMNOV: 6 mm ZAPONKA: 9 mm<\/p>","protected":false},"featured_media":22750,"template":"","meta":[],"product_brand":[],"product_cat":[208,820,747,821,822,1137],"product_tag":[741,371],"class_list":{"0":"post-17102","1":"product","2":"type-product","3":"status-publish","4":"has-post-thumbnail","6":"product_cat-clasic","7":"product_cat-do-18cm","8":"product_cat-kalcit","9":"product_cat-od-18-do-19cm","10":"product_cat-od-19-do-20cm","11":"product_cat-ogled-vseh-zapestnice-2","12":"product_tag-oranzni-kalcit","13":"product_tag-srebro-925","15":"first","16":"instock","17":"shipping-taxable","18":"purchasable","19":"product-type-simple"},"_links":{"self":[{"href":"https:\/\/moirai.si\/hr\/wp-json\/wp\/v2\/product\/17102","targetHints":{"allow":["GET"]}}],"collection":[{"href":"https:\/\/moirai.si\/hr\/wp-json\/wp\/v2\/product"}],"about":[{"href":"https:\/\/moirai.si\/hr\/wp-json\/wp\/v2\/types\/product"}],"wp:featuredmedia":[{"embeddable":true,"href":"https:\/\/moirai.si\/hr\/wp-json\/wp\/v2\/media\/22750"}],"wp:attachment":[{"href":"https:\/\/moirai.si\/hr\/wp-json\/wp\/v2\/media?parent=17102"}],"wp:term":[{"taxonomy":"product_brand","embeddable":true,"href":"https:\/\/moirai.si\/hr\/wp-json\/wp\/v2\/product_brand?post=17102"},{"taxonomy":"product_cat","embeddable":true,"href":"https:\/\/moirai.si\/hr\/wp-json\/wp\/v2\/product_cat?post=17102"},{"taxonomy":"product_tag","embeddable":true,"href":"https:\/\/moirai.si\/hr\/wp-json\/wp\/v2\/product_tag?post=17102"}],"curies":[{"name":"wp","href":"https:\/\/api.w.org\/{rel}","templated":true}]}}