{"id":17108,"date":"2020-09-01T15:52:40","date_gmt":"2020-09-01T15:52:40","guid":{"rendered":"https:\/\/moirai.si\/?post_type=product&#038;p=17108"},"modified":"2025-01-13T14:53:57","modified_gmt":"2025-01-13T14:53:57","slug":"klasicna-mjesavina-22","status":"publish","type":"product","link":"https:\/\/moirai.si\/hr\/izdelek\/clasic-mix-22\/","title":{"rendered":"Clasic Mix"},"content":{"rendered":"<p>Elegantna narukvica iz kolekcije Clasic, koja je izra\u0111ena od raznih kamen\u010di\u0107a i srebrnih elemenata fino\u0107e 925, nanizanih na mekanu ali \u010dvrstu \u010deli\u010dnu \u017eicu i zavr\u0161ena srebrnim elementima.  <\/p>\n<p>MATERIJAL: bijeli koralj, crveni koralj gljiva, oniks, srebro 925<br \/>\nDU\u017dINA: podesiva 17,5-21 cm<br \/>\nTE\u017dINA: 23,7 g<br \/>\nVELI\u010cINA KAMENA: 6-12 mm<br \/>\nKOP\u010cA: 9 mm<\/p>","protected":false},"excerpt":{"rendered":"<p>Elegantna zapestnica kolekcije Clasic, ki je narejena iz razli\u010dnih kamnov ter srebrnih 925 elementov, nizana na mehko, vendar mo\u010dno jekleno \u017eico in zaklju\u010dena s srebrnimi elementi. MATERIAL: bela Korala, rde\u010da Gobasta Korala, Oniks, Srebro 925 DOL\u017dINA: prilagodljiva 17,5-21 cm TE\u017dA: 23.7 g VELIKOST KAMNOV: 6-12 mm ZAPONKA: 9 mm<\/p>","protected":false},"featured_media":24112,"template":"","meta":[],"product_brand":[],"product_cat":[208,820,52,821,822,823,1137,62],"product_tag":[312,206,398,371],"class_list":{"0":"post-17108","1":"product","2":"type-product","3":"status-publish","4":"has-post-thumbnail","6":"product_cat-clasic","7":"product_cat-do-18cm","8":"product_cat-gobasta-korala","9":"product_cat-od-18-do-19cm","10":"product_cat-od-19-do-20cm","11":"product_cat-od-20cm","12":"product_cat-ogled-vseh-zapestnice-2","13":"product_cat-oniks","14":"product_tag-bela-korala","15":"product_tag-oniks","16":"product_tag-rdeca-gobasta-korala","17":"product_tag-srebro-925","19":"first","20":"instock","21":"shipping-taxable","22":"purchasable","23":"product-type-simple"},"_links":{"self":[{"href":"https:\/\/moirai.si\/hr\/wp-json\/wp\/v2\/product\/17108","targetHints":{"allow":["GET"]}}],"collection":[{"href":"https:\/\/moirai.si\/hr\/wp-json\/wp\/v2\/product"}],"about":[{"href":"https:\/\/moirai.si\/hr\/wp-json\/wp\/v2\/types\/product"}],"wp:featuredmedia":[{"embeddable":true,"href":"https:\/\/moirai.si\/hr\/wp-json\/wp\/v2\/media\/24112"}],"wp:attachment":[{"href":"https:\/\/moirai.si\/hr\/wp-json\/wp\/v2\/media?parent=17108"}],"wp:term":[{"taxonomy":"product_brand","embeddable":true,"href":"https:\/\/moirai.si\/hr\/wp-json\/wp\/v2\/product_brand?post=17108"},{"taxonomy":"product_cat","embeddable":true,"href":"https:\/\/moirai.si\/hr\/wp-json\/wp\/v2\/product_cat?post=17108"},{"taxonomy":"product_tag","embeddable":true,"href":"https:\/\/moirai.si\/hr\/wp-json\/wp\/v2\/product_tag?post=17108"}],"curies":[{"name":"wp","href":"https:\/\/api.w.org\/{rel}","templated":true}]}}