{"id":17120,"date":"2020-09-01T16:30:41","date_gmt":"2020-09-01T16:30:41","guid":{"rendered":"https:\/\/moirai.si\/?post_type=product&#038;p=17120"},"modified":"2025-10-23T10:31:50","modified_gmt":"2025-10-23T10:31:50","slug":"klasicni-ametist-9","status":"publish","type":"product","link":"https:\/\/moirai.si\/hr\/izdelek\/clasic-ametist-9\/","title":{"rendered":"Clasic Ametist"},"content":{"rendered":"<p>Elegantna narukvica iz kolekcije Clasic, izra\u0111ena od ametista i rodiziranih elemenata od srebra 925, nanizana na meku, ali \u010dvrstu \u010deli\u010dnu \u017eicu. <\/p>\n<p>Vi\u0161e informacija: <a href=\"https:\/\/moirai.si\/hr\/ametist\/\" target=\"_blank\" rel=\"noopener noreferrer\">Ametist<\/a><\/p>\n<p>MATERIJAL: Ametist, srebro 925 s rodijem<br \/>\nDU\u017dINA: podesiva 18,5 \u2013 21 cm<br \/>\nTE\u017dINA: 15,6 g<br \/>\nVELI\u010cINA KAMENA: 6-8 mm<br \/>\nKOP\u010cA: 9 mm<\/p>","protected":false},"excerpt":{"rendered":"<p>Elegantna zapestnica kolekcije Clasic, ki je narejena iz Ametista ter rodiniranih srebrnih 925 elementov, nizana na mehko, vendar mo\u010dno jekleno \u017eico. Ve\u010d informacij: Ametist MATERIAL: Ametist, rodinirano srebro 925 DOL\u017dINA: prilagodljiva 18.5 &#8211; 21 cm TE\u017dA: 15.6 g VELIKOST KAMNOV: 6-8 mm ZAPONKA: 9 mm<\/p>","protected":false},"featured_media":23813,"template":"","meta":[],"product_brand":[],"product_cat":[33,208,820,848,821,822,823,1137],"product_tag":[195,637],"class_list":{"0":"post-17120","1":"product","2":"type-product","3":"status-publish","4":"has-post-thumbnail","6":"product_cat-ametist","7":"product_cat-clasic","8":"product_cat-do-18cm","9":"product_cat-kvarc","10":"product_cat-od-18-do-19cm","11":"product_cat-od-19-do-20cm","12":"product_cat-od-20cm","13":"product_cat-ogled-vseh-zapestnice-2","14":"product_tag-ametist","15":"product_tag-rodinirano-srebro-925","17":"first","18":"instock","19":"shipping-taxable","20":"purchasable","21":"product-type-simple"},"_links":{"self":[{"href":"https:\/\/moirai.si\/hr\/wp-json\/wp\/v2\/product\/17120","targetHints":{"allow":["GET"]}}],"collection":[{"href":"https:\/\/moirai.si\/hr\/wp-json\/wp\/v2\/product"}],"about":[{"href":"https:\/\/moirai.si\/hr\/wp-json\/wp\/v2\/types\/product"}],"wp:featuredmedia":[{"embeddable":true,"href":"https:\/\/moirai.si\/hr\/wp-json\/wp\/v2\/media\/23813"}],"wp:attachment":[{"href":"https:\/\/moirai.si\/hr\/wp-json\/wp\/v2\/media?parent=17120"}],"wp:term":[{"taxonomy":"product_brand","embeddable":true,"href":"https:\/\/moirai.si\/hr\/wp-json\/wp\/v2\/product_brand?post=17120"},{"taxonomy":"product_cat","embeddable":true,"href":"https:\/\/moirai.si\/hr\/wp-json\/wp\/v2\/product_cat?post=17120"},{"taxonomy":"product_tag","embeddable":true,"href":"https:\/\/moirai.si\/hr\/wp-json\/wp\/v2\/product_tag?post=17120"}],"curies":[{"name":"wp","href":"https:\/\/api.w.org\/{rel}","templated":true}]}}